{"id":480,"date":"2022-05-11T12:47:25","date_gmt":"2022-05-11T10:47:25","guid":{"rendered":"https:\/\/dev-scope.fr\/pro\/?page_id=480"},"modified":"2022-08-30T12:35:04","modified_gmt":"2022-08-30T10:35:04","slug":"evenements-conviviaux","status":"publish","type":"page","link":"https:\/\/ruedesproducteurs.fr\/pro\/evenements-conviviaux\/","title":{"rendered":"\u00c9v\u00e8nements conviviaux"},"content":{"rendered":"\t\t<div data-elementor-type=\"wp-page\" data-elementor-id=\"480\" class=\"elementor elementor-480\">\n\t\t\t\t\t\t\t\t\t<section class=\"elementor-section elementor-top-section elementor-element elementor-element-80b4a40 elementor-section-height-min-height elementor-section-boxed elementor-section-height-default elementor-section-items-middle\" data-id=\"80b4a40\" data-element_type=\"section\" data-settings=\"{&quot;background_background&quot;:&quot;classic&quot;}\">\n\t\t\t\t\t\t\t<div class=\"elementor-background-overlay\"><\/div>\n\t\t\t\t\t\t\t<div class=\"elementor-container elementor-column-gap-default\">\n\t\t\t\t\t<div class=\"elementor-column elementor-col-100 elementor-top-column elementor-element elementor-element-de6e8f2\" data-id=\"de6e8f2\" data-element_type=\"column\">\n\t\t\t<div class=\"elementor-widget-wrap elementor-element-populated\">\n\t\t\t\t\t\t\t\t<div class=\"elementor-element elementor-element-a04823f elementor-widget elementor-widget-heading\" data-id=\"a04823f\" data-element_type=\"widget\" data-widget_type=\"heading.default\">\n\t\t\t\t<div class=\"elementor-widget-container\">\n\t\t\t<style>\/*! elementor - v3.16.0 - 12-09-2023 *\/\n.elementor-heading-title{padding:0;margin:0;line-height:1}.elementor-widget-heading .elementor-heading-title[class*=elementor-size-]>a{color:inherit;font-size:inherit;line-height:inherit}.elementor-widget-heading .elementor-heading-title.elementor-size-small{font-size:15px}.elementor-widget-heading .elementor-heading-title.elementor-size-medium{font-size:19px}.elementor-widget-heading .elementor-heading-title.elementor-size-large{font-size:29px}.elementor-widget-heading .elementor-heading-title.elementor-size-xl{font-size:39px}.elementor-widget-heading .elementor-heading-title.elementor-size-xxl{font-size:59px}<\/style><h1 class=\"elementor-heading-title elementor-size-default\">\u00e9v\u00e8nements conviviaux<\/h1>\t\t<\/div>\n\t\t\t\t<\/div>\n\t\t\t\t\t<\/div>\n\t\t<\/div>\n\t\t\t\t\t\t\t<\/div>\n\t\t<\/section>\n\t\t\t\t<section class=\"elementor-section elementor-top-section elementor-element elementor-element-af9f22c elementor-section-boxed elementor-section-height-default elementor-section-height-default\" data-id=\"af9f22c\" data-element_type=\"section\" data-settings=\"{&quot;background_background&quot;:&quot;classic&quot;}\">\n\t\t\t\t\t\t<div class=\"elementor-container elementor-column-gap-default\">\n\t\t\t\t\t<div class=\"elementor-column elementor-col-100 elementor-top-column elementor-element elementor-element-9126fd4\" data-id=\"9126fd4\" data-element_type=\"column\">\n\t\t\t<div class=\"elementor-widget-wrap elementor-element-populated\">\n\t\t\t\t\t\t\t\t<div class=\"elementor-element elementor-element-6b0fe8a elementor-widget elementor-widget-spacer\" data-id=\"6b0fe8a\" data-element_type=\"widget\" data-widget_type=\"spacer.default\">\n\t\t\t\t<div class=\"elementor-widget-container\">\n\t\t\t<style>\/*! elementor - v3.16.0 - 12-09-2023 *\/\n.elementor-column .elementor-spacer-inner{height:var(--spacer-size)}.e-con{--container-widget-width:100%}.e-con-inner>.elementor-widget-spacer,.e-con>.elementor-widget-spacer{width:var(--container-widget-width,var(--spacer-size));--align-self:var(--container-widget-align-self,initial);--flex-shrink:0}.e-con-inner>.elementor-widget-spacer>.elementor-widget-container,.e-con>.elementor-widget-spacer>.elementor-widget-container{height:100%;width:100%}.e-con-inner>.elementor-widget-spacer>.elementor-widget-container>.elementor-spacer,.e-con>.elementor-widget-spacer>.elementor-widget-container>.elementor-spacer{height:100%}.e-con-inner>.elementor-widget-spacer>.elementor-widget-container>.elementor-spacer>.elementor-spacer-inner,.e-con>.elementor-widget-spacer>.elementor-widget-container>.elementor-spacer>.elementor-spacer-inner{height:var(--container-widget-height,var(--spacer-size))}.e-con-inner>.elementor-widget-spacer.elementor-widget-empty,.e-con>.elementor-widget-spacer.elementor-widget-empty{position:relative;min-height:22px;min-width:22px}.e-con-inner>.elementor-widget-spacer.elementor-widget-empty .elementor-widget-empty-icon,.e-con>.elementor-widget-spacer.elementor-widget-empty .elementor-widget-empty-icon{position:absolute;top:0;bottom:0;left:0;right:0;margin:auto;padding:0;width:22px;height:22px}<\/style>\t\t<div class=\"elementor-spacer\">\n\t\t\t<div class=\"elementor-spacer-inner\"><\/div>\n\t\t<\/div>\n\t\t\t\t<\/div>\n\t\t\t\t<\/div>\n\t\t\t\t\t<\/div>\n\t\t<\/div>\n\t\t\t\t\t\t\t<\/div>\n\t\t<\/section>\n\t\t\t\t<section class=\"elementor-section elementor-top-section elementor-element elementor-element-f987ed4 elementor-section-boxed elementor-section-height-default elementor-section-height-default\" data-id=\"f987ed4\" data-element_type=\"section\" data-settings=\"{&quot;background_background&quot;:&quot;classic&quot;}\">\n\t\t\t\t\t\t<div class=\"elementor-container elementor-column-gap-default\">\n\t\t\t\t\t<div class=\"elementor-column elementor-col-100 elementor-top-column elementor-element elementor-element-00f6d63\" data-id=\"00f6d63\" data-element_type=\"column\" data-settings=\"{&quot;background_background&quot;:&quot;classic&quot;}\">\n\t\t\t<div class=\"elementor-widget-wrap elementor-element-populated\">\n\t\t\t\t\t\t\t\t<div class=\"elementor-element elementor-element-0b3cb5e elementor-widget elementor-widget-heading\" data-id=\"0b3cb5e\" data-element_type=\"widget\" data-widget_type=\"heading.default\">\n\t\t\t\t<div class=\"elementor-widget-container\">\n\t\t\t<h2 class=\"elementor-heading-title elementor-size-default\">\"F\u00eates\" comme \u00e0 la maison<\/h2>\t\t<\/div>\n\t\t\t\t<\/div>\n\t\t\t\t<div class=\"elementor-element elementor-element-565438b elementor-widget elementor-widget-text-editor\" data-id=\"565438b\" data-element_type=\"widget\" data-widget_type=\"text-editor.default\">\n\t\t\t\t<div class=\"elementor-widget-container\">\n\t\t\t<style>\/*! elementor - v3.16.0 - 12-09-2023 *\/\n.elementor-widget-text-editor.elementor-drop-cap-view-stacked .elementor-drop-cap{background-color:#69727d;color:#fff}.elementor-widget-text-editor.elementor-drop-cap-view-framed .elementor-drop-cap{color:#69727d;border:3px solid;background-color:transparent}.elementor-widget-text-editor:not(.elementor-drop-cap-view-default) .elementor-drop-cap{margin-top:8px}.elementor-widget-text-editor:not(.elementor-drop-cap-view-default) .elementor-drop-cap-letter{width:1em;height:1em}.elementor-widget-text-editor .elementor-drop-cap{float:left;text-align:center;line-height:1;font-size:50px}.elementor-widget-text-editor .elementor-drop-cap-letter{display:inline-block}<\/style>\t\t\t\t<p>Vous avez envie d&#8217;un moment convivial et d\u00e9contract\u00e9 pour f\u00eater un succ\u00e8s, une naissance, un d\u00e9part \u00e0 la retraite ?<\/p><p>Vous avez envie d\u2019organiser un pique-nique entre coll\u00e8gues ?<\/p>\t\t\t\t\t\t<\/div>\n\t\t\t\t<\/div>\n\t\t\t\t<div class=\"elementor-element elementor-element-b4e1b7d elementor-headline--style-rotate elementor-widget elementor-widget-animated-headline\" data-id=\"b4e1b7d\" data-element_type=\"widget\" data-settings=\"{&quot;headline_style&quot;:&quot;rotate&quot;,&quot;animation_type&quot;:&quot;flip&quot;,&quot;rotating_text&quot;:&quot;des pizzas !\\&quot;\\ndu coca !\\&quot;\\ndes chips !\\&quot;&quot;,&quot;rotate_iteration_delay&quot;:3500,&quot;loop&quot;:&quot;yes&quot;}\" data-widget_type=\"animated-headline.default\">\n\t\t\t\t<div class=\"elementor-widget-container\">\n\t\t\t<link rel=\"stylesheet\" href=\"https:\/\/ruedesproducteurs.fr\/pro\/wp-content\/plugins\/elementor-pro\/assets\/css\/widget-animated-headline.min.css\">\t\t<h3 class=\"elementor-headline elementor-headline-animation-type-flip\">\n\t\t\t\t\t<span class=\"elementor-headline-plain-text elementor-headline-text-wrapper\">\"Encore<\/span>\n\t\t\t\t<span class=\"elementor-headline-dynamic-wrapper elementor-headline-text-wrapper\">\n\t\t\t\t\t<span class=\"elementor-headline-dynamic-text elementor-headline-text-active\">\n\t\t\t\tdes&nbsp;pizzas&nbsp;!\"\t\t\t<\/span>\n\t\t\t\t\t<span class=\"elementor-headline-dynamic-text\">\n\t\t\t\tdu&nbsp;coca&nbsp;!\"\t\t\t<\/span>\n\t\t\t\t\t<span class=\"elementor-headline-dynamic-text\">\n\t\t\t\tdes&nbsp;chips&nbsp;!\"\t\t\t<\/span>\n\t\t\t\t\t\t<\/span>\n\t\t\t\t<\/h3>\n\t\t\t\t<\/div>\n\t\t\t\t<\/div>\n\t\t\t\t<section class=\"elementor-section elementor-inner-section elementor-element elementor-element-3e7185b elementor-section-boxed elementor-section-height-default elementor-section-height-default\" data-id=\"3e7185b\" data-element_type=\"section\" data-settings=\"{&quot;background_background&quot;:&quot;classic&quot;}\">\n\t\t\t\t\t\t<div class=\"elementor-container elementor-column-gap-default\">\n\t\t\t\t\t<div class=\"elementor-column elementor-col-100 elementor-inner-column elementor-element elementor-element-25bb235\" data-id=\"25bb235\" data-element_type=\"column\">\n\t\t\t<div class=\"elementor-widget-wrap elementor-element-populated\">\n\t\t\t\t\t\t\t\t<div class=\"elementor-element elementor-element-3dfa624 elementor-invisible elementor-widget elementor-widget-image\" data-id=\"3dfa624\" data-element_type=\"widget\" data-settings=\"{&quot;_animation&quot;:&quot;fadeInRight&quot;}\" data-widget_type=\"image.default\">\n\t\t\t\t<div class=\"elementor-widget-container\">\n\t\t\t<style>\/*! elementor - v3.16.0 - 12-09-2023 *\/\n.elementor-widget-image{text-align:center}.elementor-widget-image a{display:inline-block}.elementor-widget-image a img[src$=\".svg\"]{width:48px}.elementor-widget-image img{vertical-align:middle;display:inline-block}<\/style>\t\t\t\t\t\t\t\t\t\t\t\t<img loading=\"lazy\" decoding=\"async\" width=\"507\" height=\"338\" src=\"https:\/\/ruedesproducteurs.fr\/pro\/wp-content\/uploads\/2022\/05\/Image-buffet.jpeg\" class=\"attachment-large size-large wp-image-726\" alt=\"\" srcset=\"https:\/\/ruedesproducteurs.fr\/pro\/wp-content\/uploads\/2022\/05\/Image-buffet.jpeg 507w, https:\/\/ruedesproducteurs.fr\/pro\/wp-content\/uploads\/2022\/05\/Image-buffet-300x200.jpeg 300w\" sizes=\"(max-width: 507px) 100vw, 507px\" \/>\t\t\t\t\t\t\t\t\t\t\t\t\t\t\t<\/div>\n\t\t\t\t<\/div>\n\t\t\t\t<div class=\"elementor-element elementor-element-6925a4a elementor-headline--style-rotate elementor-widget elementor-widget-animated-headline\" data-id=\"6925a4a\" data-element_type=\"widget\" data-settings=\"{&quot;headline_style&quot;:&quot;rotate&quot;,&quot;animation_type&quot;:&quot;drop-in&quot;,&quot;rotating_text&quot;:&quot;pour une fois ?\\&quot;&quot;,&quot;loop&quot;:&quot;yes&quot;,&quot;rotate_iteration_delay&quot;:2500}\" data-widget_type=\"animated-headline.default\">\n\t\t\t\t<div class=\"elementor-widget-container\">\n\t\t\t\t\t<h3 class=\"elementor-headline elementor-headline-animation-type-drop-in\">\n\t\t\t\t\t<span class=\"elementor-headline-plain-text elementor-headline-text-wrapper\">\"Y aurait pas un bon truc<\/span>\n\t\t\t\t<span class=\"elementor-headline-dynamic-wrapper elementor-headline-text-wrapper\">\n\t\t\t\t\t<span class=\"elementor-headline-dynamic-text elementor-headline-text-active\">\n\t\t\t\tpour&nbsp;une&nbsp;fois&nbsp;?\"\t\t\t<\/span>\n\t\t\t\t\t\t<\/span>\n\t\t\t\t<\/h3>\n\t\t\t\t<\/div>\n\t\t\t\t<\/div>\n\t\t\t\t\t<\/div>\n\t\t<\/div>\n\t\t\t\t\t\t\t<\/div>\n\t\t<\/section>\n\t\t\t\t\t<\/div>\n\t\t<\/div>\n\t\t\t\t\t\t\t<\/div>\n\t\t<\/section>\n\t\t\t\t<section class=\"elementor-section elementor-top-section elementor-element elementor-element-cbefc72 elementor-section-boxed elementor-section-height-default elementor-section-height-default\" data-id=\"cbefc72\" data-element_type=\"section\" data-settings=\"{&quot;background_background&quot;:&quot;classic&quot;}\">\n\t\t\t\t\t\t<div class=\"elementor-container elementor-column-gap-default\">\n\t\t\t\t\t<div class=\"elementor-column elementor-col-100 elementor-top-column elementor-element elementor-element-00d5d54\" data-id=\"00d5d54\" data-element_type=\"column\">\n\t\t\t<div class=\"elementor-widget-wrap elementor-element-populated\">\n\t\t\t\t\t\t\t\t<div class=\"elementor-element elementor-element-45b53d1 elementor-widget elementor-widget-spacer\" data-id=\"45b53d1\" data-element_type=\"widget\" data-widget_type=\"spacer.default\">\n\t\t\t\t<div class=\"elementor-widget-container\">\n\t\t\t\t\t<div class=\"elementor-spacer\">\n\t\t\t<div class=\"elementor-spacer-inner\"><\/div>\n\t\t<\/div>\n\t\t\t\t<\/div>\n\t\t\t\t<\/div>\n\t\t\t\t\t<\/div>\n\t\t<\/div>\n\t\t\t\t\t\t\t<\/div>\n\t\t<\/section>\n\t\t\t\t<section class=\"elementor-section elementor-top-section elementor-element elementor-element-223a23b elementor-section-boxed elementor-section-height-default elementor-section-height-default\" data-id=\"223a23b\" data-element_type=\"section\">\n\t\t\t\t\t\t<div class=\"elementor-container elementor-column-gap-default\">\n\t\t\t\t\t<div class=\"elementor-column elementor-col-100 elementor-top-column elementor-element elementor-element-6d765ab\" data-id=\"6d765ab\" data-element_type=\"column\">\n\t\t\t<div class=\"elementor-widget-wrap elementor-element-populated\">\n\t\t\t\t\t\t\t\t<div class=\"elementor-element elementor-element-7641dbb elementor-widget elementor-widget-heading\" data-id=\"7641dbb\" data-element_type=\"widget\" data-widget_type=\"heading.default\">\n\t\t\t\t<div class=\"elementor-widget-container\">\n\t\t\t<h2 class=\"elementor-heading-title elementor-size-default\">La s\u00e9lection de la rue des producteurs<\/h2>\t\t<\/div>\n\t\t\t\t<\/div>\n\t\t\t\t<div class=\"elementor-element elementor-element-4ffc2fd elementor-widget elementor-widget-text-editor\" data-id=\"4ffc2fd\" data-element_type=\"widget\" data-widget_type=\"text-editor.default\">\n\t\t\t\t<div class=\"elementor-widget-container\">\n\t\t\t\t\t\t\t<p>Nous vous proposons une s\u00e9lection de produits locaux et savoureux, parfaits pour des moments de partage&nbsp;<\/p>\t\t\t\t\t\t<\/div>\n\t\t\t\t<\/div>\n\t\t\t\t<section class=\"elementor-section elementor-inner-section elementor-element elementor-element-4dce6b0 elementor-section-boxed elementor-section-height-default elementor-section-height-default\" data-id=\"4dce6b0\" data-element_type=\"section\">\n\t\t\t\t\t\t<div class=\"elementor-container elementor-column-gap-default\">\n\t\t\t\t\t<div class=\"elementor-column elementor-col-50 elementor-inner-column elementor-element elementor-element-4276231\" data-id=\"4276231\" data-element_type=\"column\" data-settings=\"{&quot;background_background&quot;:&quot;slideshow&quot;,&quot;background_slideshow_gallery&quot;:[{&quot;id&quot;:349,&quot;url&quot;:&quot;https:\\\/\\\/ruedesproducteurs.fr\\\/pro\\\/wp-content\\\/uploads\\\/2022\\\/05\\\/Carrousel_de\\u0301gustation-scaled.jpg&quot;},{&quot;id&quot;:871,&quot;url&quot;:&quot;https:\\\/\\\/ruedesproducteurs.fr\\\/pro\\\/wp-content\\\/uploads\\\/2022\\\/05\\\/Apero_recentre.png&quot;},{&quot;id&quot;:1209,&quot;url&quot;:&quot;https:\\\/\\\/ruedesproducteurs.fr\\\/pro\\\/wp-content\\\/uploads\\\/2022\\\/06\\\/Evenements-conviviaux-slider-light.jpg&quot;},{&quot;id&quot;:872,&quot;url&quot;:&quot;https:\\\/\\\/ruedesproducteurs.fr\\\/pro\\\/wp-content\\\/uploads\\\/2022\\\/05\\\/Fraises.jpeg&quot;}],&quot;background_slideshow_slide_transition&quot;:&quot;slide_right&quot;,&quot;background_slideshow_loop&quot;:&quot;yes&quot;,&quot;background_slideshow_slide_duration&quot;:5000,&quot;background_slideshow_transition_duration&quot;:500}\">\n\t\t\t<div class=\"elementor-widget-wrap elementor-element-populated\">\n\t\t\t\t\t\t\t\t<div class=\"elementor-element elementor-element-9d06934 elementor-hidden-desktop elementor-hidden-tablet elementor-widget elementor-widget-spacer\" data-id=\"9d06934\" data-element_type=\"widget\" data-widget_type=\"spacer.default\">\n\t\t\t\t<div class=\"elementor-widget-container\">\n\t\t\t\t\t<div class=\"elementor-spacer\">\n\t\t\t<div class=\"elementor-spacer-inner\"><\/div>\n\t\t<\/div>\n\t\t\t\t<\/div>\n\t\t\t\t<\/div>\n\t\t\t\t\t<\/div>\n\t\t<\/div>\n\t\t\t\t<div class=\"elementor-column elementor-col-50 elementor-inner-column elementor-element elementor-element-d769f3b\" data-id=\"d769f3b\" data-element_type=\"column\">\n\t\t\t<div class=\"elementor-widget-wrap elementor-element-populated\">\n\t\t\t\t\t\t\t\t<div class=\"elementor-element elementor-element-645a59e elementor-widget elementor-widget-text-editor\" data-id=\"645a59e\" data-element_type=\"widget\" data-widget_type=\"text-editor.default\">\n\t\t\t\t<div class=\"elementor-widget-container\">\n\t\t\t\t\t\t\t<ul><li>Tartinades artisanales<\/li><li>Terrines campagnardes<\/li><li>Planches de charcuteries et fromages<\/li><li>Biscuits sal\u00e9s et sucr\u00e9s<\/li><li>Jus de fruits artisanaux<\/li><li>Bi\u00e8res et Vins, l\u00e9gers et cors\u00e9s<\/li><li>Fraises de Lyon (en saison)<\/li><li>Abricots de Nyons (en saison)<\/li><li>Radis doux ou b\u00e2tonnets de carottes croquants<\/li><li>Et les in\u00e9narrables tomates cerises de la Rue de Producteurs, petits bonbons qui vous feront compter les jours jusqu&#8217;\u00e0 la prochaine saison&#8230;\u00a0<\/li><\/ul>\t\t\t\t\t\t<\/div>\n\t\t\t\t<\/div>\n\t\t\t\t\t<\/div>\n\t\t<\/div>\n\t\t\t\t\t\t\t<\/div>\n\t\t<\/section>\n\t\t\t\t<div class=\"elementor-element elementor-element-02ac202 elementor-widget elementor-widget-text-editor\" data-id=\"02ac202\" data-element_type=\"widget\" data-widget_type=\"text-editor.default\">\n\t\t\t\t<div class=\"elementor-widget-container\">\n\t\t\t\t\t\t\t<p>Si vous souhaitez une tarte sal\u00e9e pour l&#8217;entr\u00e9e, ou un g\u00e2teau pour le dessert <strong>pas de probl\u00e8me : on les pr\u00e9parera pour vous !<\/strong><\/p><p>Dernier d\u00e9tail : vous n\u2019avez pas le pain, les couverts ou les bougies ? <strong>Aucun soucis, on s\u2019en occupe !<\/strong><\/p>\t\t\t\t\t\t<\/div>\n\t\t\t\t<\/div>\n\t\t\t\t<div class=\"elementor-element elementor-element-360367f elementor-align-center elementor-widget elementor-widget-button\" data-id=\"360367f\" data-element_type=\"widget\" data-widget_type=\"button.default\">\n\t\t\t\t<div class=\"elementor-widget-container\">\n\t\t\t\t\t<div class=\"elementor-button-wrapper\">\n\t\t\t<a class=\"elementor-button elementor-button-link elementor-size-md\" href=\"https:\/\/ruedesproducteurs.fr\/pro\/contact\/\">\n\t\t\t\t\t\t<span class=\"elementor-button-content-wrapper\">\n\t\t\t\t\t\t<span class=\"elementor-button-text\">Contactez-nous pour un devis<\/span>\n\t\t<\/span>\n\t\t\t\t\t<\/a>\n\t\t<\/div>\n\t\t\t\t<\/div>\n\t\t\t\t<\/div>\n\t\t\t\t\t<\/div>\n\t\t<\/div>\n\t\t\t\t\t\t\t<\/div>\n\t\t<\/section>\n\t\t\t\t\t\t\t<\/div>\n\t\t","protected":false},"excerpt":{"rendered":"<p>\u00e9v\u00e8nements conviviaux &#8220;F\u00eates&#8221; comme \u00e0 la maison Vous avez envie d&#8217;un moment convivial et d\u00e9contract\u00e9 pour f\u00eater un succ\u00e8s, une naissance, un d\u00e9part \u00e0 la retraite ? Vous avez envie d\u2019organiser un pique-nique entre coll\u00e8gues ? &#8220;Encore des&nbsp;pizzas&nbsp;!&#8221; du&nbsp;coca&nbsp;!&#8221; des&nbsp;chips&nbsp;!&#8221; &#8220;Y aurait pas un bon truc pour&nbsp;une&nbsp;fois&nbsp;?&#8221; La s\u00e9lection de la rue des producteurs Nous [&hellip;]<\/p>\n","protected":false},"author":1,"featured_media":0,"parent":0,"menu_order":0,"comment_status":"closed","ping_status":"closed","template":"","meta":{"footnotes":""},"yoast_head":"<!-- This site is optimized with the Yoast SEO plugin v20.3 - https:\/\/yoast.com\/wordpress\/plugins\/seo\/ -->\n<title>\u00c9v\u00e8nements conviviaux -<\/title>\n<meta name=\"robots\" content=\"index, follow, max-snippet:-1, max-image-preview:large, max-video-preview:-1\" \/>\n<link rel=\"canonical\" href=\"https:\/\/ruedesproducteurs.fr\/pro\/evenements-conviviaux\/\" \/>\n<meta property=\"og:locale\" content=\"fr_FR\" \/>\n<meta property=\"og:type\" content=\"article\" \/>\n<meta property=\"og:title\" content=\"\u00c9v\u00e8nements conviviaux -\" \/>\n<meta property=\"og:description\" content=\"\u00e9v\u00e8nements conviviaux &#8220;F\u00eates&#8221; comme \u00e0 la maison Vous avez envie d&#8217;un moment convivial et d\u00e9contract\u00e9 pour f\u00eater un succ\u00e8s, une naissance, un d\u00e9part \u00e0 la retraite ? Vous avez envie d\u2019organiser un pique-nique entre coll\u00e8gues ? &#8220;Encore des&nbsp;pizzas&nbsp;!&#8221; du&nbsp;coca&nbsp;!&#8221; des&nbsp;chips&nbsp;!&#8221; &#8220;Y aurait pas un bon truc pour&nbsp;une&nbsp;fois&nbsp;?&#8221; La s\u00e9lection de la rue des producteurs Nous [&hellip;]\" \/>\n<meta property=\"og:url\" content=\"https:\/\/ruedesproducteurs.fr\/pro\/evenements-conviviaux\/\" \/>\n<meta property=\"article:modified_time\" content=\"2022-08-30T10:35:04+00:00\" \/>\n<meta property=\"og:image\" content=\"https:\/\/ruedesproducteurs.fr\/pro\/wp-content\/uploads\/2022\/05\/Image-buffet.jpeg\" \/>\n<meta name=\"twitter:card\" content=\"summary_large_image\" \/>\n<meta name=\"twitter:label1\" content=\"Dur\u00e9e de lecture estim\u00e9e\" \/>\n\t<meta name=\"twitter:data1\" content=\"1 minute\" \/>\n<script type=\"application\/ld+json\" class=\"yoast-schema-graph\">{\"@context\":\"https:\/\/schema.org\",\"@graph\":[{\"@type\":\"WebPage\",\"@id\":\"https:\/\/ruedesproducteurs.fr\/pro\/evenements-conviviaux\/\",\"url\":\"https:\/\/ruedesproducteurs.fr\/pro\/evenements-conviviaux\/\",\"name\":\"\u00c9v\u00e8nements conviviaux -\",\"isPartOf\":{\"@id\":\"https:\/\/ruedesproducteurs.fr\/pro\/#website\"},\"datePublished\":\"2022-05-11T10:47:25+00:00\",\"dateModified\":\"2022-08-30T10:35:04+00:00\",\"breadcrumb\":{\"@id\":\"https:\/\/ruedesproducteurs.fr\/pro\/evenements-conviviaux\/#breadcrumb\"},\"inLanguage\":\"fr-FR\",\"potentialAction\":[{\"@type\":\"ReadAction\",\"target\":[\"https:\/\/ruedesproducteurs.fr\/pro\/evenements-conviviaux\/\"]}]},{\"@type\":\"BreadcrumbList\",\"@id\":\"https:\/\/ruedesproducteurs.fr\/pro\/evenements-conviviaux\/#breadcrumb\",\"itemListElement\":[{\"@type\":\"ListItem\",\"position\":1,\"name\":\"Accueil\",\"item\":\"https:\/\/ruedesproducteurs.fr\/pro\/\"},{\"@type\":\"ListItem\",\"position\":2,\"name\":\"\u00c9v\u00e8nements conviviaux\"}]},{\"@type\":\"WebSite\",\"@id\":\"https:\/\/ruedesproducteurs.fr\/pro\/#website\",\"url\":\"https:\/\/ruedesproducteurs.fr\/pro\/\",\"name\":\"\",\"description\":\"\",\"potentialAction\":[{\"@type\":\"SearchAction\",\"target\":{\"@type\":\"EntryPoint\",\"urlTemplate\":\"https:\/\/ruedesproducteurs.fr\/pro\/?s={search_term_string}\"},\"query-input\":\"required name=search_term_string\"}],\"inLanguage\":\"fr-FR\"}]}<\/script>\n<!-- \/ Yoast SEO plugin. -->","yoast_head_json":{"title":"\u00c9v\u00e8nements conviviaux -","robots":{"index":"index","follow":"follow","max-snippet":"max-snippet:-1","max-image-preview":"max-image-preview:large","max-video-preview":"max-video-preview:-1"},"canonical":"https:\/\/ruedesproducteurs.fr\/pro\/evenements-conviviaux\/","og_locale":"fr_FR","og_type":"article","og_title":"\u00c9v\u00e8nements conviviaux -","og_description":"\u00e9v\u00e8nements conviviaux &#8220;F\u00eates&#8221; comme \u00e0 la maison Vous avez envie d&#8217;un moment convivial et d\u00e9contract\u00e9 pour f\u00eater un succ\u00e8s, une naissance, un d\u00e9part \u00e0 la retraite ? Vous avez envie d\u2019organiser un pique-nique entre coll\u00e8gues ? &#8220;Encore des&nbsp;pizzas&nbsp;!&#8221; du&nbsp;coca&nbsp;!&#8221; des&nbsp;chips&nbsp;!&#8221; &#8220;Y aurait pas un bon truc pour&nbsp;une&nbsp;fois&nbsp;?&#8221; La s\u00e9lection de la rue des producteurs Nous [&hellip;]","og_url":"https:\/\/ruedesproducteurs.fr\/pro\/evenements-conviviaux\/","article_modified_time":"2022-08-30T10:35:04+00:00","og_image":[{"url":"https:\/\/ruedesproducteurs.fr\/pro\/wp-content\/uploads\/2022\/05\/Image-buffet.jpeg"}],"twitter_card":"summary_large_image","twitter_misc":{"Dur\u00e9e de lecture estim\u00e9e":"1 minute"},"schema":{"@context":"https:\/\/schema.org","@graph":[{"@type":"WebPage","@id":"https:\/\/ruedesproducteurs.fr\/pro\/evenements-conviviaux\/","url":"https:\/\/ruedesproducteurs.fr\/pro\/evenements-conviviaux\/","name":"\u00c9v\u00e8nements conviviaux -","isPartOf":{"@id":"https:\/\/ruedesproducteurs.fr\/pro\/#website"},"datePublished":"2022-05-11T10:47:25+00:00","dateModified":"2022-08-30T10:35:04+00:00","breadcrumb":{"@id":"https:\/\/ruedesproducteurs.fr\/pro\/evenements-conviviaux\/#breadcrumb"},"inLanguage":"fr-FR","potentialAction":[{"@type":"ReadAction","target":["https:\/\/ruedesproducteurs.fr\/pro\/evenements-conviviaux\/"]}]},{"@type":"BreadcrumbList","@id":"https:\/\/ruedesproducteurs.fr\/pro\/evenements-conviviaux\/#breadcrumb","itemListElement":[{"@type":"ListItem","position":1,"name":"Accueil","item":"https:\/\/ruedesproducteurs.fr\/pro\/"},{"@type":"ListItem","position":2,"name":"\u00c9v\u00e8nements conviviaux"}]},{"@type":"WebSite","@id":"https:\/\/ruedesproducteurs.fr\/pro\/#website","url":"https:\/\/ruedesproducteurs.fr\/pro\/","name":"","description":"","potentialAction":[{"@type":"SearchAction","target":{"@type":"EntryPoint","urlTemplate":"https:\/\/ruedesproducteurs.fr\/pro\/?s={search_term_string}"},"query-input":"required name=search_term_string"}],"inLanguage":"fr-FR"}]}},"_links":{"self":[{"href":"https:\/\/ruedesproducteurs.fr\/pro\/wp-json\/wp\/v2\/pages\/480"}],"collection":[{"href":"https:\/\/ruedesproducteurs.fr\/pro\/wp-json\/wp\/v2\/pages"}],"about":[{"href":"https:\/\/ruedesproducteurs.fr\/pro\/wp-json\/wp\/v2\/types\/page"}],"author":[{"embeddable":true,"href":"https:\/\/ruedesproducteurs.fr\/pro\/wp-json\/wp\/v2\/users\/1"}],"replies":[{"embeddable":true,"href":"https:\/\/ruedesproducteurs.fr\/pro\/wp-json\/wp\/v2\/comments?post=480"}],"version-history":[{"count":8,"href":"https:\/\/ruedesproducteurs.fr\/pro\/wp-json\/wp\/v2\/pages\/480\/revisions"}],"predecessor-version":[{"id":1762,"href":"https:\/\/ruedesproducteurs.fr\/pro\/wp-json\/wp\/v2\/pages\/480\/revisions\/1762"}],"wp:attachment":[{"href":"https:\/\/ruedesproducteurs.fr\/pro\/wp-json\/wp\/v2\/media?parent=480"}],"curies":[{"name":"wp","href":"https:\/\/api.w.org\/{rel}","templated":true}]}}