{"id":1049,"date":"2022-06-01T17:22:49","date_gmt":"2022-06-01T15:22:49","guid":{"rendered":"https:\/\/ruedesproducteurs.fr\/pro\/?post_type=product&#038;p=1049"},"modified":"2024-07-30T13:23:54","modified_gmt":"2024-07-30T11:23:54","slug":"plein-de-fruits","status":"publish","type":"product","link":"https:\/\/ruedesproducteurs.fr\/pro\/produit\/plein-de-fruits\/","title":{"rendered":"Plein de fruits"},"content":{"rendered":"","protected":false},"excerpt":{"rendered":"<p><strong>Dans ce panier sucr\u00e9 et gourmand on trouve : <\/strong><\/p>\n<ul>\n<li>Une confiture \u201cBelles Gourmandises\u201d (90g), \u00e0 la fraise, fabriqu\u00e9e pr\u00e8s de Lyon<\/li>\n<li>Des macarons sans gluten d\u2019Auvergne (160g), \u00e0 la myrtille \u00e0 \u00e0 la verveine<\/li>\n<li>Une compote \u201cPopocha\u201d bio (350g), \u00e0 la pomme poire et \u00e0 la ch\u00e2taigne, confectionn\u00e9e en Ard\u00e8che<\/li>\n<li>Deux jus \u201cPressoir du Pilat\u201d (25cl), 100% naturel et local fabriqu\u00e9s \u00e0 partir de fruits frais cultiv\u00e9s majoritairement dans le parc naturel r\u00e9gional du Pilat<\/li>\n<\/ul>\n","protected":false},"featured_media":347,"comment_status":"open","ping_status":"closed","template":"","meta":[],"yoast_head":"<!-- This site is optimized with the Yoast SEO plugin v20.3 - https:\/\/yoast.com\/wordpress\/plugins\/seo\/ -->\n<title>Panier gourmand - Plein de fruits<\/title>\n<meta name=\"description\" content=\"R\u00e9galez vous avec notre panier gourmand compos\u00e9 de d\u00e9licieux produits issus de la r\u00e9gion Auvergne Rh\u00f4ne-Alpes, le tout 100% v\u00e9g\u00e9tarien.\" \/>\n<meta name=\"robots\" content=\"index, follow, max-snippet:-1, max-image-preview:large, max-video-preview:-1\" \/>\n<link rel=\"canonical\" href=\"https:\/\/ruedesproducteurs.fr\/pro\/produit\/plein-de-fruits\/\" \/>\n<meta property=\"og:locale\" content=\"fr_FR\" \/>\n<meta property=\"og:type\" content=\"article\" \/>\n<meta property=\"og:title\" content=\"Panier gourmand - Plein de fruits\" \/>\n<meta property=\"og:description\" content=\"R\u00e9galez vous avec notre panier gourmand compos\u00e9 de d\u00e9licieux produits issus de la r\u00e9gion Auvergne Rh\u00f4ne-Alpes, le tout 100% v\u00e9g\u00e9tarien.\" \/>\n<meta property=\"og:url\" content=\"https:\/\/ruedesproducteurs.fr\/pro\/produit\/plein-de-fruits\/\" \/>\n<meta property=\"article:modified_time\" content=\"2024-07-30T11:23:54+00:00\" \/>\n<meta property=\"og:image\" content=\"https:\/\/ruedesproducteurs.fr\/pro\/wp-content\/uploads\/2022\/05\/Tutti-Frutti_1990-scaled.jpg\" \/>\n\t<meta property=\"og:image:width\" content=\"2560\" \/>\n\t<meta property=\"og:image:height\" content=\"1896\" \/>\n\t<meta property=\"og:image:type\" content=\"image\/jpeg\" \/>\n<meta name=\"twitter:card\" content=\"summary_large_image\" \/>\n<script type=\"application\/ld+json\" class=\"yoast-schema-graph\">{\"@context\":\"https:\/\/schema.org\",\"@graph\":[{\"@type\":\"WebPage\",\"@id\":\"https:\/\/ruedesproducteurs.fr\/pro\/produit\/plein-de-fruits\/\",\"url\":\"https:\/\/ruedesproducteurs.fr\/pro\/produit\/plein-de-fruits\/\",\"name\":\"Panier gourmand - Plein de fruits\",\"isPartOf\":{\"@id\":\"https:\/\/ruedesproducteurs.fr\/pro\/#website\"},\"datePublished\":\"2022-06-01T15:22:49+00:00\",\"dateModified\":\"2024-07-30T11:23:54+00:00\",\"description\":\"R\u00e9galez vous avec notre panier gourmand compos\u00e9 de d\u00e9licieux produits issus de la r\u00e9gion Auvergne Rh\u00f4ne-Alpes, le tout 100% v\u00e9g\u00e9tarien.\",\"breadcrumb\":{\"@id\":\"https:\/\/ruedesproducteurs.fr\/pro\/produit\/plein-de-fruits\/#breadcrumb\"},\"inLanguage\":\"fr-FR\",\"potentialAction\":[{\"@type\":\"ReadAction\",\"target\":[\"https:\/\/ruedesproducteurs.fr\/pro\/produit\/plein-de-fruits\/\"]}]},{\"@type\":\"BreadcrumbList\",\"@id\":\"https:\/\/ruedesproducteurs.fr\/pro\/produit\/plein-de-fruits\/#breadcrumb\",\"itemListElement\":[{\"@type\":\"ListItem\",\"position\":1,\"name\":\"Accueil\",\"item\":\"https:\/\/ruedesproducteurs.fr\/pro\/\"},{\"@type\":\"ListItem\",\"position\":2,\"name\":\"panier gourmand lyon\",\"item\":\"https:\/\/ruedesproducteurs.fr\/pro\/panier-gourmand-lyon\/\"},{\"@type\":\"ListItem\",\"position\":3,\"name\":\"Plein de fruits\"}]},{\"@type\":\"WebSite\",\"@id\":\"https:\/\/ruedesproducteurs.fr\/pro\/#website\",\"url\":\"https:\/\/ruedesproducteurs.fr\/pro\/\",\"name\":\"\",\"description\":\"\",\"potentialAction\":[{\"@type\":\"SearchAction\",\"target\":{\"@type\":\"EntryPoint\",\"urlTemplate\":\"https:\/\/ruedesproducteurs.fr\/pro\/?s={search_term_string}\"},\"query-input\":\"required name=search_term_string\"}],\"inLanguage\":\"fr-FR\"}]}<\/script>\n<!-- \/ Yoast SEO plugin. -->","yoast_head_json":{"title":"Panier gourmand - Plein de fruits","description":"R\u00e9galez vous avec notre panier gourmand compos\u00e9 de d\u00e9licieux produits issus de la r\u00e9gion Auvergne Rh\u00f4ne-Alpes, le tout 100% v\u00e9g\u00e9tarien.","robots":{"index":"index","follow":"follow","max-snippet":"max-snippet:-1","max-image-preview":"max-image-preview:large","max-video-preview":"max-video-preview:-1"},"canonical":"https:\/\/ruedesproducteurs.fr\/pro\/produit\/plein-de-fruits\/","og_locale":"fr_FR","og_type":"article","og_title":"Panier gourmand - Plein de fruits","og_description":"R\u00e9galez vous avec notre panier gourmand compos\u00e9 de d\u00e9licieux produits issus de la r\u00e9gion Auvergne Rh\u00f4ne-Alpes, le tout 100% v\u00e9g\u00e9tarien.","og_url":"https:\/\/ruedesproducteurs.fr\/pro\/produit\/plein-de-fruits\/","article_modified_time":"2024-07-30T11:23:54+00:00","og_image":[{"width":2560,"height":1896,"url":"https:\/\/ruedesproducteurs.fr\/pro\/wp-content\/uploads\/2022\/05\/Tutti-Frutti_1990-scaled.jpg","type":"image\/jpeg"}],"twitter_card":"summary_large_image","schema":{"@context":"https:\/\/schema.org","@graph":[{"@type":"WebPage","@id":"https:\/\/ruedesproducteurs.fr\/pro\/produit\/plein-de-fruits\/","url":"https:\/\/ruedesproducteurs.fr\/pro\/produit\/plein-de-fruits\/","name":"Panier gourmand - Plein de fruits","isPartOf":{"@id":"https:\/\/ruedesproducteurs.fr\/pro\/#website"},"datePublished":"2022-06-01T15:22:49+00:00","dateModified":"2024-07-30T11:23:54+00:00","description":"R\u00e9galez vous avec notre panier gourmand compos\u00e9 de d\u00e9licieux produits issus de la r\u00e9gion Auvergne Rh\u00f4ne-Alpes, le tout 100% v\u00e9g\u00e9tarien.","breadcrumb":{"@id":"https:\/\/ruedesproducteurs.fr\/pro\/produit\/plein-de-fruits\/#breadcrumb"},"inLanguage":"fr-FR","potentialAction":[{"@type":"ReadAction","target":["https:\/\/ruedesproducteurs.fr\/pro\/produit\/plein-de-fruits\/"]}]},{"@type":"BreadcrumbList","@id":"https:\/\/ruedesproducteurs.fr\/pro\/produit\/plein-de-fruits\/#breadcrumb","itemListElement":[{"@type":"ListItem","position":1,"name":"Accueil","item":"https:\/\/ruedesproducteurs.fr\/pro\/"},{"@type":"ListItem","position":2,"name":"panier gourmand lyon","item":"https:\/\/ruedesproducteurs.fr\/pro\/panier-gourmand-lyon\/"},{"@type":"ListItem","position":3,"name":"Plein de fruits"}]},{"@type":"WebSite","@id":"https:\/\/ruedesproducteurs.fr\/pro\/#website","url":"https:\/\/ruedesproducteurs.fr\/pro\/","name":"","description":"","potentialAction":[{"@type":"SearchAction","target":{"@type":"EntryPoint","urlTemplate":"https:\/\/ruedesproducteurs.fr\/pro\/?s={search_term_string}"},"query-input":"required name=search_term_string"}],"inLanguage":"fr-FR"}]}},"_links":{"self":[{"href":"https:\/\/ruedesproducteurs.fr\/pro\/wp-json\/wp\/v2\/product\/1049"}],"collection":[{"href":"https:\/\/ruedesproducteurs.fr\/pro\/wp-json\/wp\/v2\/product"}],"about":[{"href":"https:\/\/ruedesproducteurs.fr\/pro\/wp-json\/wp\/v2\/types\/product"}],"replies":[{"embeddable":true,"href":"https:\/\/ruedesproducteurs.fr\/pro\/wp-json\/wp\/v2\/comments?post=1049"}],"wp:featuredmedia":[{"embeddable":true,"href":"https:\/\/ruedesproducteurs.fr\/pro\/wp-json\/wp\/v2\/media\/347"}],"wp:attachment":[{"href":"https:\/\/ruedesproducteurs.fr\/pro\/wp-json\/wp\/v2\/media?parent=1049"}],"curies":[{"name":"wp","href":"https:\/\/api.w.org\/{rel}","templated":true}]}}