{"id":1776,"date":"2022-11-30T11:13:16","date_gmt":"2022-11-30T10:13:16","guid":{"rendered":"https:\/\/ruedesproducteurs.fr\/pro\/?post_type=product&#038;p=1776"},"modified":"2024-07-26T17:55:20","modified_gmt":"2024-07-26T15:55:20","slug":"le-prestige","status":"publish","type":"product","link":"https:\/\/ruedesproducteurs.fr\/pro\/produit\/le-prestige\/","title":{"rendered":"Le Prestige"},"content":{"rendered":"","protected":false},"excerpt":{"rendered":"<p><strong>Dans ce panier \u00ab Prestige \u00bb, pens\u00e9 pour g\u00e2ter vos clients et vos collaborateurs, vous trouverez : <\/strong><\/p>\n<ul>\n<li>Un Foie gras de canard entier (90g) de la maison &#8220;Manoir Alexandre&#8221;, de provenance fran\u00e7aise.<\/li>\n<li>Une soupe de truite BIO (0,5l) de la pisciculture Paol, \u00e0 partir de truite Bio \u00e9lev\u00e9e dans les eux tumultueuses du Vercors.<\/li>\n<li>Des ch\u00e2taignes grill\u00e9es ap\u00e9ritives BIO &#8220;Marron Ch\u00e2taigne&#8221; (130g), en provenance de Laboule, en pleine Ard\u00e8che.<\/li>\n<li>Un bidon d\u2019huile de Nyons (25cl), du domaine du Ch\u00eane Vert, aux portes de Nyons.<\/li>\n<li>De la poudre de c\u00e8pes (30g), id\u00e9ale pour assaisonner vos pr\u00e9parations culinaires<\/li>\n<li>De la moutarde \u00e0 l\u2019Ail des Ours (110ml) en provenance de la \u00ab Maison Saillard \u00bb<\/li>\n<li>Une confiture \u00ab Dorne Saveurs \u00bb (300g), pr\u00e9par\u00e9e au chaudron en Ard\u00e8che.<\/li>\n<li>Des pralines roses (200g), de la \u00ab Maison de la Praline \u00bb, entreprise artisanale exclusivement sp\u00e9cialis\u00e9e en Pralines.<\/li>\n<li>Un sachet de p\u00e2tes de fruits \u00ab 1844 \u00bb (160g) pr\u00e9par\u00e9es avec les fruits du Vaucluse<\/li>\n<li>Un vin BIO \u201cCroze Hermitage 2020\u201d (750ml) pour accompagner le tout.<\/li>\n<\/ul>\n","protected":false},"featured_media":1777,"comment_status":"open","ping_status":"closed","template":"","meta":[],"yoast_head":"<!-- This site is optimized with the Yoast SEO plugin v20.3 - https:\/\/yoast.com\/wordpress\/plugins\/seo\/ -->\n<title>Panier gourmand - Le Prestige<\/title>\n<meta name=\"description\" content=\"R\u00e9galez vous avec notre panier gourmand Le Prestige compos\u00e9 de d\u00e9licieux produits locaux d&#039;exception issus de la r\u00e9gion Auvergne Rh\u00f4ne-Alpes.\" \/>\n<meta name=\"robots\" content=\"index, follow, max-snippet:-1, max-image-preview:large, max-video-preview:-1\" \/>\n<link rel=\"canonical\" href=\"https:\/\/ruedesproducteurs.fr\/pro\/produit\/le-prestige\/\" \/>\n<meta property=\"og:locale\" content=\"fr_FR\" \/>\n<meta property=\"og:type\" content=\"article\" \/>\n<meta property=\"og:title\" content=\"Panier gourmand - Le Prestige\" \/>\n<meta property=\"og:description\" content=\"R\u00e9galez vous avec notre panier gourmand Le Prestige compos\u00e9 de d\u00e9licieux produits locaux d&#039;exception issus de la r\u00e9gion Auvergne Rh\u00f4ne-Alpes.\" \/>\n<meta property=\"og:url\" content=\"https:\/\/ruedesproducteurs.fr\/pro\/produit\/le-prestige\/\" \/>\n<meta property=\"article:modified_time\" content=\"2024-07-26T15:55:20+00:00\" \/>\n<meta property=\"og:image\" content=\"https:\/\/ruedesproducteurs.fr\/pro\/wp-content\/uploads\/2022\/11\/PANIER-PRESTIGE-scaled.jpeg\" \/>\n\t<meta property=\"og:image:width\" content=\"2560\" \/>\n\t<meta property=\"og:image:height\" content=\"1920\" \/>\n\t<meta property=\"og:image:type\" content=\"image\/jpeg\" \/>\n<meta name=\"twitter:card\" content=\"summary_large_image\" \/>\n<script type=\"application\/ld+json\" class=\"yoast-schema-graph\">{\"@context\":\"https:\/\/schema.org\",\"@graph\":[{\"@type\":\"WebPage\",\"@id\":\"https:\/\/ruedesproducteurs.fr\/pro\/produit\/le-prestige\/\",\"url\":\"https:\/\/ruedesproducteurs.fr\/pro\/produit\/le-prestige\/\",\"name\":\"Panier gourmand - Le Prestige\",\"isPartOf\":{\"@id\":\"https:\/\/ruedesproducteurs.fr\/pro\/#website\"},\"datePublished\":\"2022-11-30T10:13:16+00:00\",\"dateModified\":\"2024-07-26T15:55:20+00:00\",\"description\":\"R\u00e9galez vous avec notre panier gourmand Le Prestige compos\u00e9 de d\u00e9licieux produits locaux d'exception issus de la r\u00e9gion Auvergne Rh\u00f4ne-Alpes.\",\"breadcrumb\":{\"@id\":\"https:\/\/ruedesproducteurs.fr\/pro\/produit\/le-prestige\/#breadcrumb\"},\"inLanguage\":\"fr-FR\",\"potentialAction\":[{\"@type\":\"ReadAction\",\"target\":[\"https:\/\/ruedesproducteurs.fr\/pro\/produit\/le-prestige\/\"]}]},{\"@type\":\"BreadcrumbList\",\"@id\":\"https:\/\/ruedesproducteurs.fr\/pro\/produit\/le-prestige\/#breadcrumb\",\"itemListElement\":[{\"@type\":\"ListItem\",\"position\":1,\"name\":\"Accueil\",\"item\":\"https:\/\/ruedesproducteurs.fr\/pro\/\"},{\"@type\":\"ListItem\",\"position\":2,\"name\":\"panier gourmand lyon\",\"item\":\"https:\/\/ruedesproducteurs.fr\/pro\/panier-gourmand-lyon\/\"},{\"@type\":\"ListItem\",\"position\":3,\"name\":\"Le Prestige\"}]},{\"@type\":\"WebSite\",\"@id\":\"https:\/\/ruedesproducteurs.fr\/pro\/#website\",\"url\":\"https:\/\/ruedesproducteurs.fr\/pro\/\",\"name\":\"\",\"description\":\"\",\"potentialAction\":[{\"@type\":\"SearchAction\",\"target\":{\"@type\":\"EntryPoint\",\"urlTemplate\":\"https:\/\/ruedesproducteurs.fr\/pro\/?s={search_term_string}\"},\"query-input\":\"required name=search_term_string\"}],\"inLanguage\":\"fr-FR\"}]}<\/script>\n<!-- \/ Yoast SEO plugin. -->","yoast_head_json":{"title":"Panier gourmand - Le Prestige","description":"R\u00e9galez vous avec notre panier gourmand Le Prestige compos\u00e9 de d\u00e9licieux produits locaux d'exception issus de la r\u00e9gion Auvergne Rh\u00f4ne-Alpes.","robots":{"index":"index","follow":"follow","max-snippet":"max-snippet:-1","max-image-preview":"max-image-preview:large","max-video-preview":"max-video-preview:-1"},"canonical":"https:\/\/ruedesproducteurs.fr\/pro\/produit\/le-prestige\/","og_locale":"fr_FR","og_type":"article","og_title":"Panier gourmand - Le Prestige","og_description":"R\u00e9galez vous avec notre panier gourmand Le Prestige compos\u00e9 de d\u00e9licieux produits locaux d'exception issus de la r\u00e9gion Auvergne Rh\u00f4ne-Alpes.","og_url":"https:\/\/ruedesproducteurs.fr\/pro\/produit\/le-prestige\/","article_modified_time":"2024-07-26T15:55:20+00:00","og_image":[{"width":2560,"height":1920,"url":"https:\/\/ruedesproducteurs.fr\/pro\/wp-content\/uploads\/2022\/11\/PANIER-PRESTIGE-scaled.jpeg","type":"image\/jpeg"}],"twitter_card":"summary_large_image","schema":{"@context":"https:\/\/schema.org","@graph":[{"@type":"WebPage","@id":"https:\/\/ruedesproducteurs.fr\/pro\/produit\/le-prestige\/","url":"https:\/\/ruedesproducteurs.fr\/pro\/produit\/le-prestige\/","name":"Panier gourmand - Le Prestige","isPartOf":{"@id":"https:\/\/ruedesproducteurs.fr\/pro\/#website"},"datePublished":"2022-11-30T10:13:16+00:00","dateModified":"2024-07-26T15:55:20+00:00","description":"R\u00e9galez vous avec notre panier gourmand Le Prestige compos\u00e9 de d\u00e9licieux produits locaux d'exception issus de la r\u00e9gion Auvergne Rh\u00f4ne-Alpes.","breadcrumb":{"@id":"https:\/\/ruedesproducteurs.fr\/pro\/produit\/le-prestige\/#breadcrumb"},"inLanguage":"fr-FR","potentialAction":[{"@type":"ReadAction","target":["https:\/\/ruedesproducteurs.fr\/pro\/produit\/le-prestige\/"]}]},{"@type":"BreadcrumbList","@id":"https:\/\/ruedesproducteurs.fr\/pro\/produit\/le-prestige\/#breadcrumb","itemListElement":[{"@type":"ListItem","position":1,"name":"Accueil","item":"https:\/\/ruedesproducteurs.fr\/pro\/"},{"@type":"ListItem","position":2,"name":"panier gourmand lyon","item":"https:\/\/ruedesproducteurs.fr\/pro\/panier-gourmand-lyon\/"},{"@type":"ListItem","position":3,"name":"Le Prestige"}]},{"@type":"WebSite","@id":"https:\/\/ruedesproducteurs.fr\/pro\/#website","url":"https:\/\/ruedesproducteurs.fr\/pro\/","name":"","description":"","potentialAction":[{"@type":"SearchAction","target":{"@type":"EntryPoint","urlTemplate":"https:\/\/ruedesproducteurs.fr\/pro\/?s={search_term_string}"},"query-input":"required name=search_term_string"}],"inLanguage":"fr-FR"}]}},"_links":{"self":[{"href":"https:\/\/ruedesproducteurs.fr\/pro\/wp-json\/wp\/v2\/product\/1776"}],"collection":[{"href":"https:\/\/ruedesproducteurs.fr\/pro\/wp-json\/wp\/v2\/product"}],"about":[{"href":"https:\/\/ruedesproducteurs.fr\/pro\/wp-json\/wp\/v2\/types\/product"}],"replies":[{"embeddable":true,"href":"https:\/\/ruedesproducteurs.fr\/pro\/wp-json\/wp\/v2\/comments?post=1776"}],"wp:featuredmedia":[{"embeddable":true,"href":"https:\/\/ruedesproducteurs.fr\/pro\/wp-json\/wp\/v2\/media\/1777"}],"wp:attachment":[{"href":"https:\/\/ruedesproducteurs.fr\/pro\/wp-json\/wp\/v2\/media?parent=1776"}],"curies":[{"name":"wp","href":"https:\/\/api.w.org\/{rel}","templated":true}]}}