{"id":1852,"date":"2024-04-30T13:30:10","date_gmt":"2024-04-30T11:30:10","guid":{"rendered":"https:\/\/ruedesproducteurs.fr\/pro\/?post_type=product&#038;p=1852"},"modified":"2024-07-26T17:28:59","modified_gmt":"2024-07-26T15:28:59","slug":"lauvergnat","status":"publish","type":"product","link":"https:\/\/ruedesproducteurs.fr\/pro\/produit\/lauvergnat\/","title":{"rendered":"L&#8217;Auvergnat"},"content":{"rendered":"","protected":false},"excerpt":{"rendered":"<p><strong>Dans ce panier aux saveurs authentiques de la r\u00e9gion Auvergnate on trouve :<\/strong><\/p>\n<ul>\n<li>Une tartinade \u201cClac\u201d (100g), originale et naturelle, cuisin\u00e9e \u00e0 partir d\u2019ingr\u00e9dients bio et locaux en Auvergne<\/li>\n<li>Une terrine \u201cSainte Eulalie\u201d (180g), pur porc, fabriqu\u00e9e traditionnellement depuis 5 g\u00e9n\u00e9rations au pied du Mont Gerbier de Jonc en Ard\u00e8che<\/li>\n<li>Un m\u00e9lange forestier (80g), constitu\u00e9 de trompettes de la mort, de c\u00e8pes et de girolles<\/li>\n<li>Des lentilles blondes de \u201cSaint-Flour\u201d (500g)<\/li>\n<li>Un saucisson &#8220;Maigre lay&#8221; issu d&#8217;une agriculture locale et fermi\u00e8re par &#8220;Les d\u00e9lices fermiers Roannais&#8221;<\/li>\n<li>Un sirop de mure (25cl) acidul\u00e9 et naturel, d&#8217;Auvergne<\/li>\n<li>Une confiture de lait (125g), \u00e0 la texture fondante et pr\u00e9par\u00e9e sur les pentes du Mont Gerbier de Jonc en Ard\u00e8che<\/li>\n<li>Des biscuits croustillants aux noisettes (160g), fabriqu\u00e9s artisanalement en Auvergne par &#8220;Les d\u00e9lices fleuries&#8221;.<\/li>\n<\/ul>\n","protected":false},"featured_media":1853,"comment_status":"open","ping_status":"closed","template":"","meta":[],"yoast_head":"<!-- This site is optimized with the Yoast SEO plugin v20.3 - https:\/\/yoast.com\/wordpress\/plugins\/seo\/ -->\n<title>Panier Gourmand - L&#039;Auvergnat<\/title>\n<meta name=\"description\" content=\"R\u00e9galez vous avec notre panier gourmand r\u00e9gional compos\u00e9 de d\u00e9licieux produits locaux issus de la r\u00e9gion Auvergne.\" \/>\n<meta name=\"robots\" content=\"index, follow, max-snippet:-1, max-image-preview:large, max-video-preview:-1\" \/>\n<link rel=\"canonical\" href=\"https:\/\/ruedesproducteurs.fr\/pro\/produit\/lauvergnat\/\" \/>\n<meta property=\"og:locale\" content=\"fr_FR\" \/>\n<meta property=\"og:type\" content=\"article\" \/>\n<meta property=\"og:title\" content=\"Panier Gourmand - L&#039;Auvergnat\" \/>\n<meta property=\"og:description\" content=\"R\u00e9galez vous avec notre panier gourmand r\u00e9gional compos\u00e9 de d\u00e9licieux produits locaux issus de la r\u00e9gion Auvergne.\" \/>\n<meta property=\"og:url\" content=\"https:\/\/ruedesproducteurs.fr\/pro\/produit\/lauvergnat\/\" \/>\n<meta property=\"article:modified_time\" content=\"2024-07-26T15:28:59+00:00\" \/>\n<meta property=\"og:image\" content=\"https:\/\/ruedesproducteurs.fr\/pro\/wp-content\/uploads\/2024\/04\/Auvergnat.jpg\" \/>\n\t<meta property=\"og:image:width\" content=\"2560\" \/>\n\t<meta property=\"og:image:height\" content=\"1706\" \/>\n\t<meta property=\"og:image:type\" content=\"image\/jpeg\" \/>\n<meta name=\"twitter:card\" content=\"summary_large_image\" \/>\n<script type=\"application\/ld+json\" class=\"yoast-schema-graph\">{\"@context\":\"https:\/\/schema.org\",\"@graph\":[{\"@type\":\"WebPage\",\"@id\":\"https:\/\/ruedesproducteurs.fr\/pro\/produit\/lauvergnat\/\",\"url\":\"https:\/\/ruedesproducteurs.fr\/pro\/produit\/lauvergnat\/\",\"name\":\"Panier Gourmand - L'Auvergnat\",\"isPartOf\":{\"@id\":\"https:\/\/ruedesproducteurs.fr\/pro\/#website\"},\"datePublished\":\"2024-04-30T11:30:10+00:00\",\"dateModified\":\"2024-07-26T15:28:59+00:00\",\"description\":\"R\u00e9galez vous avec notre panier gourmand r\u00e9gional compos\u00e9 de d\u00e9licieux produits locaux issus de la r\u00e9gion Auvergne.\",\"breadcrumb\":{\"@id\":\"https:\/\/ruedesproducteurs.fr\/pro\/produit\/lauvergnat\/#breadcrumb\"},\"inLanguage\":\"fr-FR\",\"potentialAction\":[{\"@type\":\"ReadAction\",\"target\":[\"https:\/\/ruedesproducteurs.fr\/pro\/produit\/lauvergnat\/\"]}]},{\"@type\":\"BreadcrumbList\",\"@id\":\"https:\/\/ruedesproducteurs.fr\/pro\/produit\/lauvergnat\/#breadcrumb\",\"itemListElement\":[{\"@type\":\"ListItem\",\"position\":1,\"name\":\"Accueil\",\"item\":\"https:\/\/ruedesproducteurs.fr\/pro\/\"},{\"@type\":\"ListItem\",\"position\":2,\"name\":\"panier gourmand lyon\",\"item\":\"https:\/\/ruedesproducteurs.fr\/pro\/panier-gourmand-lyon\/\"},{\"@type\":\"ListItem\",\"position\":3,\"name\":\"L&#8217;Auvergnat\"}]},{\"@type\":\"WebSite\",\"@id\":\"https:\/\/ruedesproducteurs.fr\/pro\/#website\",\"url\":\"https:\/\/ruedesproducteurs.fr\/pro\/\",\"name\":\"\",\"description\":\"\",\"potentialAction\":[{\"@type\":\"SearchAction\",\"target\":{\"@type\":\"EntryPoint\",\"urlTemplate\":\"https:\/\/ruedesproducteurs.fr\/pro\/?s={search_term_string}\"},\"query-input\":\"required name=search_term_string\"}],\"inLanguage\":\"fr-FR\"}]}<\/script>\n<!-- \/ Yoast SEO plugin. -->","yoast_head_json":{"title":"Panier Gourmand - L'Auvergnat","description":"R\u00e9galez vous avec notre panier gourmand r\u00e9gional compos\u00e9 de d\u00e9licieux produits locaux issus de la r\u00e9gion Auvergne.","robots":{"index":"index","follow":"follow","max-snippet":"max-snippet:-1","max-image-preview":"max-image-preview:large","max-video-preview":"max-video-preview:-1"},"canonical":"https:\/\/ruedesproducteurs.fr\/pro\/produit\/lauvergnat\/","og_locale":"fr_FR","og_type":"article","og_title":"Panier Gourmand - L'Auvergnat","og_description":"R\u00e9galez vous avec notre panier gourmand r\u00e9gional compos\u00e9 de d\u00e9licieux produits locaux issus de la r\u00e9gion Auvergne.","og_url":"https:\/\/ruedesproducteurs.fr\/pro\/produit\/lauvergnat\/","article_modified_time":"2024-07-26T15:28:59+00:00","og_image":[{"width":2560,"height":1706,"url":"https:\/\/ruedesproducteurs.fr\/pro\/wp-content\/uploads\/2024\/04\/Auvergnat.jpg","type":"image\/jpeg"}],"twitter_card":"summary_large_image","schema":{"@context":"https:\/\/schema.org","@graph":[{"@type":"WebPage","@id":"https:\/\/ruedesproducteurs.fr\/pro\/produit\/lauvergnat\/","url":"https:\/\/ruedesproducteurs.fr\/pro\/produit\/lauvergnat\/","name":"Panier Gourmand - L'Auvergnat","isPartOf":{"@id":"https:\/\/ruedesproducteurs.fr\/pro\/#website"},"datePublished":"2024-04-30T11:30:10+00:00","dateModified":"2024-07-26T15:28:59+00:00","description":"R\u00e9galez vous avec notre panier gourmand r\u00e9gional compos\u00e9 de d\u00e9licieux produits locaux issus de la r\u00e9gion Auvergne.","breadcrumb":{"@id":"https:\/\/ruedesproducteurs.fr\/pro\/produit\/lauvergnat\/#breadcrumb"},"inLanguage":"fr-FR","potentialAction":[{"@type":"ReadAction","target":["https:\/\/ruedesproducteurs.fr\/pro\/produit\/lauvergnat\/"]}]},{"@type":"BreadcrumbList","@id":"https:\/\/ruedesproducteurs.fr\/pro\/produit\/lauvergnat\/#breadcrumb","itemListElement":[{"@type":"ListItem","position":1,"name":"Accueil","item":"https:\/\/ruedesproducteurs.fr\/pro\/"},{"@type":"ListItem","position":2,"name":"panier gourmand lyon","item":"https:\/\/ruedesproducteurs.fr\/pro\/panier-gourmand-lyon\/"},{"@type":"ListItem","position":3,"name":"L&#8217;Auvergnat"}]},{"@type":"WebSite","@id":"https:\/\/ruedesproducteurs.fr\/pro\/#website","url":"https:\/\/ruedesproducteurs.fr\/pro\/","name":"","description":"","potentialAction":[{"@type":"SearchAction","target":{"@type":"EntryPoint","urlTemplate":"https:\/\/ruedesproducteurs.fr\/pro\/?s={search_term_string}"},"query-input":"required name=search_term_string"}],"inLanguage":"fr-FR"}]}},"_links":{"self":[{"href":"https:\/\/ruedesproducteurs.fr\/pro\/wp-json\/wp\/v2\/product\/1852"}],"collection":[{"href":"https:\/\/ruedesproducteurs.fr\/pro\/wp-json\/wp\/v2\/product"}],"about":[{"href":"https:\/\/ruedesproducteurs.fr\/pro\/wp-json\/wp\/v2\/types\/product"}],"replies":[{"embeddable":true,"href":"https:\/\/ruedesproducteurs.fr\/pro\/wp-json\/wp\/v2\/comments?post=1852"}],"wp:featuredmedia":[{"embeddable":true,"href":"https:\/\/ruedesproducteurs.fr\/pro\/wp-json\/wp\/v2\/media\/1853"}],"wp:attachment":[{"href":"https:\/\/ruedesproducteurs.fr\/pro\/wp-json\/wp\/v2\/media?parent=1852"}],"curies":[{"name":"wp","href":"https:\/\/api.w.org\/{rel}","templated":true}]}}