{"id":318,"date":"2022-05-05T13:54:18","date_gmt":"2022-05-05T11:54:18","guid":{"rendered":"https:\/\/dev-scope.fr\/pro\/?post_type=product&#038;p=318"},"modified":"2023-09-14T18:30:24","modified_gmt":"2023-09-14T16:30:24","slug":"gourmet","status":"publish","type":"product","link":"https:\/\/ruedesproducteurs.fr\/pro\/produit\/gourmet\/","title":{"rendered":"Gourmet"},"content":{"rendered":"","protected":false},"excerpt":{"rendered":"<p><strong>Dans ce panier se trouve : <\/strong><\/p>\n<ul>\n<li>Une terrine de sanglier au cognac (180g), tr\u00e8s utilis\u00e9e dans la gastronomie traditionnelle ard\u00e9choise, fabriqu\u00e9e traditionnellement depuis 5 g\u00e9n\u00e9rations au pied du Mont Gerbier de Jonc en Ard\u00e8che<\/li>\n<li>Des ch\u00e2taignes ap\u00e9ritives (130g), subtilement alcoolis\u00e9es<\/li>\n<li>Une huile d\u2019olive de Nyons \u201cAOP Dozol\u201d (25cl), onctueuse \u00e9labor\u00e9e \u00e0 partir d\u2019olives de vari\u00e9t\u00e9s tranche, avec des ar\u00f4mes de pomme verte, et saveurs de fruits secs (amande et noisette)<\/li>\n<li>Un m\u00e9lange forestier (80g), constitu\u00e9 de trompettes de la mort, de c\u00e8pes et de girolles<\/li>\n<li>Des meringues \u201cBonne heure papilles\u201d (100g), \u00e9labor\u00e9es gr\u00e2ce \u00e0 un savoir-faire local par des artisans consciencieux, pr\u00e9par\u00e9es \u00e0 quelques kilom\u00e8tres dans la commune de Sourcieux les Mines<\/li>\n<li>Une confiture \u201cDorne\u201d (240g), p\u00eaches blanches et th\u00e9, pr\u00e9par\u00e9e \u00e0 partir de fruits du jardin ou de producteurs locaux aux saveurs originelles des fruits en Ard\u00e8che.<\/li>\n<\/ul>\n","protected":false},"featured_media":319,"comment_status":"open","ping_status":"closed","template":"","meta":[],"yoast_head":"<!-- This site is optimized with the Yoast SEO plugin v20.3 - https:\/\/yoast.com\/wordpress\/plugins\/seo\/ -->\n<title>Gourmet -<\/title>\n<meta name=\"robots\" content=\"index, follow, max-snippet:-1, max-image-preview:large, max-video-preview:-1\" \/>\n<link rel=\"canonical\" href=\"https:\/\/ruedesproducteurs.fr\/pro\/produit\/gourmet\/\" \/>\n<meta property=\"og:locale\" content=\"fr_FR\" \/>\n<meta property=\"og:type\" content=\"article\" \/>\n<meta property=\"og:title\" content=\"Gourmet -\" \/>\n<meta property=\"og:description\" content=\"Dans ce panier se trouve :    Une terrine de sanglier au cognac (180g), tr\u00e8s utilis\u00e9e dans la gastronomie traditionnelle ard\u00e9choise, fabriqu\u00e9e traditionnellement depuis 5 g\u00e9n\u00e9rations au pied du Mont Gerbier de Jonc en Ard\u00e8che  Des ch\u00e2taignes ap\u00e9ritives (130g), subtilement alcoolis\u00e9es  Une huile d\u2019olive de Nyons \u201cAOP Dozol\u201d (25cl), onctueuse \u00e9labor\u00e9e \u00e0 partir d\u2019olives de vari\u00e9t\u00e9s tranche, avec des ar\u00f4mes de pomme verte, et saveurs de fruits secs (amande et noisette)  Un m\u00e9lange forestier (80g), constitu\u00e9 de trompettes de la mort, de c\u00e8pes et de girolles  Des meringues \u201cBonne heure papilles\u201d (100g), \u00e9labor\u00e9es gr\u00e2ce \u00e0 un savoir-faire local par des artisans consciencieux, pr\u00e9par\u00e9es \u00e0 quelques kilom\u00e8tres dans la commune de Sourcieux les Mines  Une confiture \u201cDorne\u201d (240g), p\u00eaches blanches et th\u00e9, pr\u00e9par\u00e9e \u00e0 partir de fruits du jardin ou de producteurs locaux aux saveurs originelles des fruits en Ard\u00e8che.\" \/>\n<meta property=\"og:url\" content=\"https:\/\/ruedesproducteurs.fr\/pro\/produit\/gourmet\/\" \/>\n<meta property=\"article:modified_time\" content=\"2023-09-14T16:30:24+00:00\" \/>\n<meta property=\"og:image\" content=\"https:\/\/ruedesproducteurs.fr\/pro\/wp-content\/uploads\/2022\/05\/Gourmet_3780-scaled.jpg\" \/>\n\t<meta property=\"og:image:width\" content=\"2560\" \/>\n\t<meta property=\"og:image:height\" content=\"1823\" \/>\n\t<meta property=\"og:image:type\" content=\"image\/jpeg\" \/>\n<meta name=\"twitter:card\" content=\"summary_large_image\" \/>\n<script type=\"application\/ld+json\" class=\"yoast-schema-graph\">{\"@context\":\"https:\/\/schema.org\",\"@graph\":[{\"@type\":\"WebPage\",\"@id\":\"https:\/\/ruedesproducteurs.fr\/pro\/produit\/gourmet\/\",\"url\":\"https:\/\/ruedesproducteurs.fr\/pro\/produit\/gourmet\/\",\"name\":\"Gourmet -\",\"isPartOf\":{\"@id\":\"https:\/\/ruedesproducteurs.fr\/pro\/#website\"},\"datePublished\":\"2022-05-05T11:54:18+00:00\",\"dateModified\":\"2023-09-14T16:30:24+00:00\",\"breadcrumb\":{\"@id\":\"https:\/\/ruedesproducteurs.fr\/pro\/produit\/gourmet\/#breadcrumb\"},\"inLanguage\":\"fr-FR\",\"potentialAction\":[{\"@type\":\"ReadAction\",\"target\":[\"https:\/\/ruedesproducteurs.fr\/pro\/produit\/gourmet\/\"]}]},{\"@type\":\"BreadcrumbList\",\"@id\":\"https:\/\/ruedesproducteurs.fr\/pro\/produit\/gourmet\/#breadcrumb\",\"itemListElement\":[{\"@type\":\"ListItem\",\"position\":1,\"name\":\"Accueil\",\"item\":\"https:\/\/ruedesproducteurs.fr\/pro\/\"},{\"@type\":\"ListItem\",\"position\":2,\"name\":\"panier gourmand lyon\",\"item\":\"https:\/\/ruedesproducteurs.fr\/pro\/panier-gourmand-lyon\/\"},{\"@type\":\"ListItem\",\"position\":3,\"name\":\"Gourmet\"}]},{\"@type\":\"WebSite\",\"@id\":\"https:\/\/ruedesproducteurs.fr\/pro\/#website\",\"url\":\"https:\/\/ruedesproducteurs.fr\/pro\/\",\"name\":\"\",\"description\":\"\",\"potentialAction\":[{\"@type\":\"SearchAction\",\"target\":{\"@type\":\"EntryPoint\",\"urlTemplate\":\"https:\/\/ruedesproducteurs.fr\/pro\/?s={search_term_string}\"},\"query-input\":\"required name=search_term_string\"}],\"inLanguage\":\"fr-FR\"}]}<\/script>\n<!-- \/ Yoast SEO plugin. -->","yoast_head_json":{"title":"Gourmet -","robots":{"index":"index","follow":"follow","max-snippet":"max-snippet:-1","max-image-preview":"max-image-preview:large","max-video-preview":"max-video-preview:-1"},"canonical":"https:\/\/ruedesproducteurs.fr\/pro\/produit\/gourmet\/","og_locale":"fr_FR","og_type":"article","og_title":"Gourmet -","og_description":"Dans ce panier se trouve :    Une terrine de sanglier au cognac (180g), tr\u00e8s utilis\u00e9e dans la gastronomie traditionnelle ard\u00e9choise, fabriqu\u00e9e traditionnellement depuis 5 g\u00e9n\u00e9rations au pied du Mont Gerbier de Jonc en Ard\u00e8che  Des ch\u00e2taignes ap\u00e9ritives (130g), subtilement alcoolis\u00e9es  Une huile d\u2019olive de Nyons \u201cAOP Dozol\u201d (25cl), onctueuse \u00e9labor\u00e9e \u00e0 partir d\u2019olives de vari\u00e9t\u00e9s tranche, avec des ar\u00f4mes de pomme verte, et saveurs de fruits secs (amande et noisette)  Un m\u00e9lange forestier (80g), constitu\u00e9 de trompettes de la mort, de c\u00e8pes et de girolles  Des meringues \u201cBonne heure papilles\u201d (100g), \u00e9labor\u00e9es gr\u00e2ce \u00e0 un savoir-faire local par des artisans consciencieux, pr\u00e9par\u00e9es \u00e0 quelques kilom\u00e8tres dans la commune de Sourcieux les Mines  Une confiture \u201cDorne\u201d (240g), p\u00eaches blanches et th\u00e9, pr\u00e9par\u00e9e \u00e0 partir de fruits du jardin ou de producteurs locaux aux saveurs originelles des fruits en Ard\u00e8che.","og_url":"https:\/\/ruedesproducteurs.fr\/pro\/produit\/gourmet\/","article_modified_time":"2023-09-14T16:30:24+00:00","og_image":[{"width":2560,"height":1823,"url":"https:\/\/ruedesproducteurs.fr\/pro\/wp-content\/uploads\/2022\/05\/Gourmet_3780-scaled.jpg","type":"image\/jpeg"}],"twitter_card":"summary_large_image","schema":{"@context":"https:\/\/schema.org","@graph":[{"@type":"WebPage","@id":"https:\/\/ruedesproducteurs.fr\/pro\/produit\/gourmet\/","url":"https:\/\/ruedesproducteurs.fr\/pro\/produit\/gourmet\/","name":"Gourmet -","isPartOf":{"@id":"https:\/\/ruedesproducteurs.fr\/pro\/#website"},"datePublished":"2022-05-05T11:54:18+00:00","dateModified":"2023-09-14T16:30:24+00:00","breadcrumb":{"@id":"https:\/\/ruedesproducteurs.fr\/pro\/produit\/gourmet\/#breadcrumb"},"inLanguage":"fr-FR","potentialAction":[{"@type":"ReadAction","target":["https:\/\/ruedesproducteurs.fr\/pro\/produit\/gourmet\/"]}]},{"@type":"BreadcrumbList","@id":"https:\/\/ruedesproducteurs.fr\/pro\/produit\/gourmet\/#breadcrumb","itemListElement":[{"@type":"ListItem","position":1,"name":"Accueil","item":"https:\/\/ruedesproducteurs.fr\/pro\/"},{"@type":"ListItem","position":2,"name":"panier gourmand lyon","item":"https:\/\/ruedesproducteurs.fr\/pro\/panier-gourmand-lyon\/"},{"@type":"ListItem","position":3,"name":"Gourmet"}]},{"@type":"WebSite","@id":"https:\/\/ruedesproducteurs.fr\/pro\/#website","url":"https:\/\/ruedesproducteurs.fr\/pro\/","name":"","description":"","potentialAction":[{"@type":"SearchAction","target":{"@type":"EntryPoint","urlTemplate":"https:\/\/ruedesproducteurs.fr\/pro\/?s={search_term_string}"},"query-input":"required name=search_term_string"}],"inLanguage":"fr-FR"}]}},"_links":{"self":[{"href":"https:\/\/ruedesproducteurs.fr\/pro\/wp-json\/wp\/v2\/product\/318"}],"collection":[{"href":"https:\/\/ruedesproducteurs.fr\/pro\/wp-json\/wp\/v2\/product"}],"about":[{"href":"https:\/\/ruedesproducteurs.fr\/pro\/wp-json\/wp\/v2\/types\/product"}],"replies":[{"embeddable":true,"href":"https:\/\/ruedesproducteurs.fr\/pro\/wp-json\/wp\/v2\/comments?post=318"}],"wp:featuredmedia":[{"embeddable":true,"href":"https:\/\/ruedesproducteurs.fr\/pro\/wp-json\/wp\/v2\/media\/319"}],"wp:attachment":[{"href":"https:\/\/ruedesproducteurs.fr\/pro\/wp-json\/wp\/v2\/media?parent=318"}],"curies":[{"name":"wp","href":"https:\/\/api.w.org\/{rel}","templated":true}]}}