{"id":320,"date":"2022-05-05T13:56:32","date_gmt":"2022-05-05T11:56:32","guid":{"rendered":"https:\/\/dev-scope.fr\/pro\/?post_type=product&#038;p=320"},"modified":"2024-05-23T13:01:44","modified_gmt":"2024-05-23T11:01:44","slug":"grand-vg","status":"publish","type":"product","link":"https:\/\/ruedesproducteurs.fr\/pro\/produit\/grand-vg\/","title":{"rendered":"Grand v\u00e9g\u00e9"},"content":{"rendered":"","protected":false},"excerpt":{"rendered":"<p><strong>Dans ce sac en jute, on trouve exclusivement des produits v\u00e9g\u00e9tariens\u00a0 : <\/strong><\/p>\n<ul>\n<li>Des pois chiche ap\u00e9ros \u201cChiche\u201d (90g), grill\u00e9s et savoureux pour l\u2019ap\u00e9ritif, pr\u00e9par\u00e9s \u00e0 partir de l\u00e9gumineuses conditionn\u00e9es dans le Beaujolais<\/li>\n<li>Des lentilles blondes de &#8220;Saint-Flour&#8221; (500g)<\/li>\n<li>Des pickles bio \u201cPOD\u201d (220g), pour des bouch\u00e9es croquantes et acidul\u00e9es de courgettes et oignons au curry, pr\u00e9par\u00e9s dans l\u2019Allier<\/li>\n<li>Des l\u00e9gumes lactoferment\u00e9s (190g) produits par fermentation traditionnelle et certifi\u00e9s en agriculture biologique<\/li>\n<li>Des tartinades \u201cClac\u201d (100g), originales et naturelles, cuisin\u00e9es \u00e0 partir d\u2019ingr\u00e9dients bio et locaux en Auvergne<\/li>\n<li>Une cr\u00e8me de ch\u00e2taigne BIO (350g), savoureuse et authentique produite traditionnellement en Ard\u00e8che<\/li>\n<li>Une confiture d\u2019abricot &#8220;Buyer&#8221; (360g), de production artisanale \u00e0 base de fruits cueillis sur une exploitation bas\u00e9e \u00e0 Thurins (69)<\/li>\n<li>Un p\u00e9tillant de raisin 0% d&#8217;alcool (750ml), produit de mani\u00e8re traditionnelle par le domaine Trichon, pionnier du raisin biologique dans la plaine de l&#8217;Ain.<\/li>\n<\/ul>\n","protected":false},"featured_media":1841,"comment_status":"open","ping_status":"closed","template":"","meta":[],"yoast_head":"<!-- This site is optimized with the Yoast SEO plugin v20.3 - https:\/\/yoast.com\/wordpress\/plugins\/seo\/ -->\n<title>Grand v\u00e9g\u00e9 -<\/title>\n<meta name=\"robots\" content=\"index, follow, max-snippet:-1, max-image-preview:large, max-video-preview:-1\" \/>\n<link rel=\"canonical\" href=\"https:\/\/ruedesproducteurs.fr\/pro\/produit\/grand-vg\/\" \/>\n<meta property=\"og:locale\" content=\"fr_FR\" \/>\n<meta property=\"og:type\" content=\"article\" \/>\n<meta property=\"og:title\" content=\"Grand v\u00e9g\u00e9 -\" \/>\n<meta property=\"og:description\" content=\"Dans ce sac en jute, on trouve exclusivement des produits v\u00e9g\u00e9tariens\u00a0 :    Des pois chiche ap\u00e9ros \u201cChiche\u201d (90g), grill\u00e9s et savoureux pour l\u2019ap\u00e9ritif, pr\u00e9par\u00e9s \u00e0 partir de l\u00e9gumineuses conditionn\u00e9es dans le Beaujolais  Des lentilles blondes de &quot;Saint-Flour&quot; (500g)  Des pickles bio \u201cPOD\u201d (220g), pour des bouch\u00e9es croquantes et acidul\u00e9es de courgettes et oignons au curry, pr\u00e9par\u00e9s dans l\u2019Allier  Des l\u00e9gumes lactoferment\u00e9s (190g) produits par fermentation traditionnelle et certifi\u00e9s en agriculture biologique  Des tartinades \u201cClac\u201d (100g), originales et naturelles, cuisin\u00e9es \u00e0 partir d\u2019ingr\u00e9dients bio et locaux en Auvergne  Une cr\u00e8me de ch\u00e2taigne BIO (350g), savoureuse et authentique produite traditionnellement en Ard\u00e8che  Une confiture d\u2019abricot &quot;Buyer&quot; (360g), de production artisanale \u00e0 base de fruits cueillis sur une exploitation bas\u00e9e \u00e0 Thurins (69)  Un p\u00e9tillant de raisin 0% d&#039;alcool (750ml), produit de mani\u00e8re traditionnelle par le domaine Trichon, pionnier du raisin biologique dans la plaine de l&#039;Ain.\" \/>\n<meta property=\"og:url\" content=\"https:\/\/ruedesproducteurs.fr\/pro\/produit\/grand-vg\/\" \/>\n<meta property=\"article:modified_time\" content=\"2024-05-23T11:01:44+00:00\" \/>\n<meta property=\"og:image\" content=\"https:\/\/ruedesproducteurs.fr\/pro\/wp-content\/uploads\/2022\/05\/Grand_Vege-1.jpg\" \/>\n\t<meta property=\"og:image:width\" content=\"2500\" \/>\n\t<meta property=\"og:image:height\" content=\"1668\" \/>\n\t<meta property=\"og:image:type\" content=\"image\/jpeg\" \/>\n<meta name=\"twitter:card\" content=\"summary_large_image\" \/>\n<script type=\"application\/ld+json\" class=\"yoast-schema-graph\">{\"@context\":\"https:\/\/schema.org\",\"@graph\":[{\"@type\":\"WebPage\",\"@id\":\"https:\/\/ruedesproducteurs.fr\/pro\/produit\/grand-vg\/\",\"url\":\"https:\/\/ruedesproducteurs.fr\/pro\/produit\/grand-vg\/\",\"name\":\"Grand v\u00e9g\u00e9 -\",\"isPartOf\":{\"@id\":\"https:\/\/ruedesproducteurs.fr\/pro\/#website\"},\"datePublished\":\"2022-05-05T11:56:32+00:00\",\"dateModified\":\"2024-05-23T11:01:44+00:00\",\"breadcrumb\":{\"@id\":\"https:\/\/ruedesproducteurs.fr\/pro\/produit\/grand-vg\/#breadcrumb\"},\"inLanguage\":\"fr-FR\",\"potentialAction\":[{\"@type\":\"ReadAction\",\"target\":[\"https:\/\/ruedesproducteurs.fr\/pro\/produit\/grand-vg\/\"]}]},{\"@type\":\"BreadcrumbList\",\"@id\":\"https:\/\/ruedesproducteurs.fr\/pro\/produit\/grand-vg\/#breadcrumb\",\"itemListElement\":[{\"@type\":\"ListItem\",\"position\":1,\"name\":\"Accueil\",\"item\":\"https:\/\/ruedesproducteurs.fr\/pro\/\"},{\"@type\":\"ListItem\",\"position\":2,\"name\":\"panier gourmand lyon\",\"item\":\"https:\/\/ruedesproducteurs.fr\/pro\/panier-gourmand-lyon\/\"},{\"@type\":\"ListItem\",\"position\":3,\"name\":\"Grand v\u00e9g\u00e9\"}]},{\"@type\":\"WebSite\",\"@id\":\"https:\/\/ruedesproducteurs.fr\/pro\/#website\",\"url\":\"https:\/\/ruedesproducteurs.fr\/pro\/\",\"name\":\"\",\"description\":\"\",\"potentialAction\":[{\"@type\":\"SearchAction\",\"target\":{\"@type\":\"EntryPoint\",\"urlTemplate\":\"https:\/\/ruedesproducteurs.fr\/pro\/?s={search_term_string}\"},\"query-input\":\"required name=search_term_string\"}],\"inLanguage\":\"fr-FR\"}]}<\/script>\n<!-- \/ Yoast SEO plugin. -->","yoast_head_json":{"title":"Grand v\u00e9g\u00e9 -","robots":{"index":"index","follow":"follow","max-snippet":"max-snippet:-1","max-image-preview":"max-image-preview:large","max-video-preview":"max-video-preview:-1"},"canonical":"https:\/\/ruedesproducteurs.fr\/pro\/produit\/grand-vg\/","og_locale":"fr_FR","og_type":"article","og_title":"Grand v\u00e9g\u00e9 -","og_description":"Dans ce sac en jute, on trouve exclusivement des produits v\u00e9g\u00e9tariens\u00a0 :    Des pois chiche ap\u00e9ros \u201cChiche\u201d (90g), grill\u00e9s et savoureux pour l\u2019ap\u00e9ritif, pr\u00e9par\u00e9s \u00e0 partir de l\u00e9gumineuses conditionn\u00e9es dans le Beaujolais  Des lentilles blondes de \"Saint-Flour\" (500g)  Des pickles bio \u201cPOD\u201d (220g), pour des bouch\u00e9es croquantes et acidul\u00e9es de courgettes et oignons au curry, pr\u00e9par\u00e9s dans l\u2019Allier  Des l\u00e9gumes lactoferment\u00e9s (190g) produits par fermentation traditionnelle et certifi\u00e9s en agriculture biologique  Des tartinades \u201cClac\u201d (100g), originales et naturelles, cuisin\u00e9es \u00e0 partir d\u2019ingr\u00e9dients bio et locaux en Auvergne  Une cr\u00e8me de ch\u00e2taigne BIO (350g), savoureuse et authentique produite traditionnellement en Ard\u00e8che  Une confiture d\u2019abricot \"Buyer\" (360g), de production artisanale \u00e0 base de fruits cueillis sur une exploitation bas\u00e9e \u00e0 Thurins (69)  Un p\u00e9tillant de raisin 0% d'alcool (750ml), produit de mani\u00e8re traditionnelle par le domaine Trichon, pionnier du raisin biologique dans la plaine de l'Ain.","og_url":"https:\/\/ruedesproducteurs.fr\/pro\/produit\/grand-vg\/","article_modified_time":"2024-05-23T11:01:44+00:00","og_image":[{"width":2500,"height":1668,"url":"https:\/\/ruedesproducteurs.fr\/pro\/wp-content\/uploads\/2022\/05\/Grand_Vege-1.jpg","type":"image\/jpeg"}],"twitter_card":"summary_large_image","schema":{"@context":"https:\/\/schema.org","@graph":[{"@type":"WebPage","@id":"https:\/\/ruedesproducteurs.fr\/pro\/produit\/grand-vg\/","url":"https:\/\/ruedesproducteurs.fr\/pro\/produit\/grand-vg\/","name":"Grand v\u00e9g\u00e9 -","isPartOf":{"@id":"https:\/\/ruedesproducteurs.fr\/pro\/#website"},"datePublished":"2022-05-05T11:56:32+00:00","dateModified":"2024-05-23T11:01:44+00:00","breadcrumb":{"@id":"https:\/\/ruedesproducteurs.fr\/pro\/produit\/grand-vg\/#breadcrumb"},"inLanguage":"fr-FR","potentialAction":[{"@type":"ReadAction","target":["https:\/\/ruedesproducteurs.fr\/pro\/produit\/grand-vg\/"]}]},{"@type":"BreadcrumbList","@id":"https:\/\/ruedesproducteurs.fr\/pro\/produit\/grand-vg\/#breadcrumb","itemListElement":[{"@type":"ListItem","position":1,"name":"Accueil","item":"https:\/\/ruedesproducteurs.fr\/pro\/"},{"@type":"ListItem","position":2,"name":"panier gourmand lyon","item":"https:\/\/ruedesproducteurs.fr\/pro\/panier-gourmand-lyon\/"},{"@type":"ListItem","position":3,"name":"Grand v\u00e9g\u00e9"}]},{"@type":"WebSite","@id":"https:\/\/ruedesproducteurs.fr\/pro\/#website","url":"https:\/\/ruedesproducteurs.fr\/pro\/","name":"","description":"","potentialAction":[{"@type":"SearchAction","target":{"@type":"EntryPoint","urlTemplate":"https:\/\/ruedesproducteurs.fr\/pro\/?s={search_term_string}"},"query-input":"required name=search_term_string"}],"inLanguage":"fr-FR"}]}},"_links":{"self":[{"href":"https:\/\/ruedesproducteurs.fr\/pro\/wp-json\/wp\/v2\/product\/320"}],"collection":[{"href":"https:\/\/ruedesproducteurs.fr\/pro\/wp-json\/wp\/v2\/product"}],"about":[{"href":"https:\/\/ruedesproducteurs.fr\/pro\/wp-json\/wp\/v2\/types\/product"}],"replies":[{"embeddable":true,"href":"https:\/\/ruedesproducteurs.fr\/pro\/wp-json\/wp\/v2\/comments?post=320"}],"wp:featuredmedia":[{"embeddable":true,"href":"https:\/\/ruedesproducteurs.fr\/pro\/wp-json\/wp\/v2\/media\/1841"}],"wp:attachment":[{"href":"https:\/\/ruedesproducteurs.fr\/pro\/wp-json\/wp\/v2\/media?parent=320"}],"curies":[{"name":"wp","href":"https:\/\/api.w.org\/{rel}","templated":true}]}}