{"id":322,"date":"2022-05-05T13:59:06","date_gmt":"2022-05-05T11:59:06","guid":{"rendered":"https:\/\/dev-scope.fr\/pro\/?post_type=product&#038;p=322"},"modified":"2022-07-22T14:38:02","modified_gmt":"2022-07-22T12:38:02","slug":"grande-decouverte","status":"publish","type":"product","link":"https:\/\/ruedesproducteurs.fr\/pro\/produit\/grande-decouverte\/","title":{"rendered":"Grande d\u00e9couverte"},"content":{"rendered":"","protected":false},"excerpt":{"rendered":"<p><strong>Dans ce panier sal\u00e9 sucr\u00e9 pour surprendre vos papilles se trouve : <\/strong><\/p>\n<ul>\n<li>Une terrine \u201cSainte Eulalie\u201d (180g), pur porc, fabriqu\u00e9e traditionnellement depuis 5 g\u00e9n\u00e9rations au pied du Mont Gerbier de Jonc en Ard\u00e8che<\/li>\n<li>Une rillette de truite \u00e0 la moutarde BIO (180g), en provenance du Vercors<\/li>\n<li>Un caviar de tomate (150g), onctueux, du Moulin Campani en Ard\u00e8che Sud<\/li>\n<li>Un bidon d\u2019huile d\u2019olive \u201cMaison Campani\u201d (25cl)<\/li>\n<li>Un pesto au basilic BIO (85g), produit en Nord Ard\u00e8che<\/li>\n<li>Des macarons d\u2019Auvergne sans gluten (160g), \u00e0 la myrtille et \u00e0 la verveine<\/li>\n<li>Une p\u00e2te \u00e0 tartiner \u201cMorvan\u201d (300g), au go\u00fbt l\u00e9ger de noisettes.<\/li>\n<\/ul>\n","protected":false},"featured_media":323,"comment_status":"open","ping_status":"closed","template":"","meta":[],"yoast_head":"<!-- This site is optimized with the Yoast SEO plugin v20.3 - https:\/\/yoast.com\/wordpress\/plugins\/seo\/ -->\n<title>Grande d\u00e9couverte -<\/title>\n<meta name=\"robots\" content=\"index, follow, max-snippet:-1, max-image-preview:large, max-video-preview:-1\" \/>\n<link rel=\"canonical\" href=\"https:\/\/ruedesproducteurs.fr\/pro\/produit\/grande-decouverte\/\" \/>\n<meta property=\"og:locale\" content=\"fr_FR\" \/>\n<meta property=\"og:type\" content=\"article\" \/>\n<meta property=\"og:title\" content=\"Grande d\u00e9couverte -\" \/>\n<meta property=\"og:description\" content=\"Dans ce panier sal\u00e9 sucr\u00e9 pour surprendre vos papilles se trouve :    Une terrine \u201cSainte Eulalie\u201d (180g), pur porc, fabriqu\u00e9e traditionnellement depuis 5 g\u00e9n\u00e9rations au pied du Mont Gerbier de Jonc en Ard\u00e8che  Une rillette de truite \u00e0 la moutarde BIO (180g), en provenance du Vercors  Un caviar de tomate (150g), onctueux, du Moulin Campani en Ard\u00e8che Sud  Un bidon d\u2019huile d\u2019olive \u201cMaison Campani\u201d (25cl)  Un pesto au basilic BIO (85g), produit en Nord Ard\u00e8che  Des macarons d\u2019Auvergne sans gluten (160g), \u00e0 la myrtille et \u00e0 la verveine  Une p\u00e2te \u00e0 tartiner \u201cMorvan\u201d (300g), au go\u00fbt l\u00e9ger de noisettes.\" \/>\n<meta property=\"og:url\" content=\"https:\/\/ruedesproducteurs.fr\/pro\/produit\/grande-decouverte\/\" \/>\n<meta property=\"article:modified_time\" content=\"2022-07-22T12:38:02+00:00\" \/>\n<meta property=\"og:image\" content=\"https:\/\/ruedesproducteurs.fr\/pro\/wp-content\/uploads\/2022\/05\/Grande-d\u201acouverte_4580-scaled.jpg\" \/>\n\t<meta property=\"og:image:width\" content=\"2560\" \/>\n\t<meta property=\"og:image:height\" content=\"1840\" \/>\n\t<meta property=\"og:image:type\" content=\"image\/jpeg\" \/>\n<meta name=\"twitter:card\" content=\"summary_large_image\" \/>\n<script type=\"application\/ld+json\" class=\"yoast-schema-graph\">{\"@context\":\"https:\/\/schema.org\",\"@graph\":[{\"@type\":\"WebPage\",\"@id\":\"https:\/\/ruedesproducteurs.fr\/pro\/produit\/grande-decouverte\/\",\"url\":\"https:\/\/ruedesproducteurs.fr\/pro\/produit\/grande-decouverte\/\",\"name\":\"Grande d\u00e9couverte -\",\"isPartOf\":{\"@id\":\"https:\/\/ruedesproducteurs.fr\/pro\/#website\"},\"datePublished\":\"2022-05-05T11:59:06+00:00\",\"dateModified\":\"2022-07-22T12:38:02+00:00\",\"breadcrumb\":{\"@id\":\"https:\/\/ruedesproducteurs.fr\/pro\/produit\/grande-decouverte\/#breadcrumb\"},\"inLanguage\":\"fr-FR\",\"potentialAction\":[{\"@type\":\"ReadAction\",\"target\":[\"https:\/\/ruedesproducteurs.fr\/pro\/produit\/grande-decouverte\/\"]}]},{\"@type\":\"BreadcrumbList\",\"@id\":\"https:\/\/ruedesproducteurs.fr\/pro\/produit\/grande-decouverte\/#breadcrumb\",\"itemListElement\":[{\"@type\":\"ListItem\",\"position\":1,\"name\":\"Accueil\",\"item\":\"https:\/\/ruedesproducteurs.fr\/pro\/\"},{\"@type\":\"ListItem\",\"position\":2,\"name\":\"panier gourmand lyon\",\"item\":\"https:\/\/ruedesproducteurs.fr\/pro\/panier-gourmand-lyon\/\"},{\"@type\":\"ListItem\",\"position\":3,\"name\":\"Grande d\u00e9couverte\"}]},{\"@type\":\"WebSite\",\"@id\":\"https:\/\/ruedesproducteurs.fr\/pro\/#website\",\"url\":\"https:\/\/ruedesproducteurs.fr\/pro\/\",\"name\":\"\",\"description\":\"\",\"potentialAction\":[{\"@type\":\"SearchAction\",\"target\":{\"@type\":\"EntryPoint\",\"urlTemplate\":\"https:\/\/ruedesproducteurs.fr\/pro\/?s={search_term_string}\"},\"query-input\":\"required name=search_term_string\"}],\"inLanguage\":\"fr-FR\"}]}<\/script>\n<!-- \/ Yoast SEO plugin. -->","yoast_head_json":{"title":"Grande d\u00e9couverte -","robots":{"index":"index","follow":"follow","max-snippet":"max-snippet:-1","max-image-preview":"max-image-preview:large","max-video-preview":"max-video-preview:-1"},"canonical":"https:\/\/ruedesproducteurs.fr\/pro\/produit\/grande-decouverte\/","og_locale":"fr_FR","og_type":"article","og_title":"Grande d\u00e9couverte -","og_description":"Dans ce panier sal\u00e9 sucr\u00e9 pour surprendre vos papilles se trouve :    Une terrine \u201cSainte Eulalie\u201d (180g), pur porc, fabriqu\u00e9e traditionnellement depuis 5 g\u00e9n\u00e9rations au pied du Mont Gerbier de Jonc en Ard\u00e8che  Une rillette de truite \u00e0 la moutarde BIO (180g), en provenance du Vercors  Un caviar de tomate (150g), onctueux, du Moulin Campani en Ard\u00e8che Sud  Un bidon d\u2019huile d\u2019olive \u201cMaison Campani\u201d (25cl)  Un pesto au basilic BIO (85g), produit en Nord Ard\u00e8che  Des macarons d\u2019Auvergne sans gluten (160g), \u00e0 la myrtille et \u00e0 la verveine  Une p\u00e2te \u00e0 tartiner \u201cMorvan\u201d (300g), au go\u00fbt l\u00e9ger de noisettes.","og_url":"https:\/\/ruedesproducteurs.fr\/pro\/produit\/grande-decouverte\/","article_modified_time":"2022-07-22T12:38:02+00:00","og_image":[{"width":2560,"height":1840,"url":"https:\/\/ruedesproducteurs.fr\/pro\/wp-content\/uploads\/2022\/05\/Grande-d\u201acouverte_4580-scaled.jpg","type":"image\/jpeg"}],"twitter_card":"summary_large_image","schema":{"@context":"https:\/\/schema.org","@graph":[{"@type":"WebPage","@id":"https:\/\/ruedesproducteurs.fr\/pro\/produit\/grande-decouverte\/","url":"https:\/\/ruedesproducteurs.fr\/pro\/produit\/grande-decouverte\/","name":"Grande d\u00e9couverte -","isPartOf":{"@id":"https:\/\/ruedesproducteurs.fr\/pro\/#website"},"datePublished":"2022-05-05T11:59:06+00:00","dateModified":"2022-07-22T12:38:02+00:00","breadcrumb":{"@id":"https:\/\/ruedesproducteurs.fr\/pro\/produit\/grande-decouverte\/#breadcrumb"},"inLanguage":"fr-FR","potentialAction":[{"@type":"ReadAction","target":["https:\/\/ruedesproducteurs.fr\/pro\/produit\/grande-decouverte\/"]}]},{"@type":"BreadcrumbList","@id":"https:\/\/ruedesproducteurs.fr\/pro\/produit\/grande-decouverte\/#breadcrumb","itemListElement":[{"@type":"ListItem","position":1,"name":"Accueil","item":"https:\/\/ruedesproducteurs.fr\/pro\/"},{"@type":"ListItem","position":2,"name":"panier gourmand lyon","item":"https:\/\/ruedesproducteurs.fr\/pro\/panier-gourmand-lyon\/"},{"@type":"ListItem","position":3,"name":"Grande d\u00e9couverte"}]},{"@type":"WebSite","@id":"https:\/\/ruedesproducteurs.fr\/pro\/#website","url":"https:\/\/ruedesproducteurs.fr\/pro\/","name":"","description":"","potentialAction":[{"@type":"SearchAction","target":{"@type":"EntryPoint","urlTemplate":"https:\/\/ruedesproducteurs.fr\/pro\/?s={search_term_string}"},"query-input":"required name=search_term_string"}],"inLanguage":"fr-FR"}]}},"_links":{"self":[{"href":"https:\/\/ruedesproducteurs.fr\/pro\/wp-json\/wp\/v2\/product\/322"}],"collection":[{"href":"https:\/\/ruedesproducteurs.fr\/pro\/wp-json\/wp\/v2\/product"}],"about":[{"href":"https:\/\/ruedesproducteurs.fr\/pro\/wp-json\/wp\/v2\/types\/product"}],"replies":[{"embeddable":true,"href":"https:\/\/ruedesproducteurs.fr\/pro\/wp-json\/wp\/v2\/comments?post=322"}],"wp:featuredmedia":[{"embeddable":true,"href":"https:\/\/ruedesproducteurs.fr\/pro\/wp-json\/wp\/v2\/media\/323"}],"wp:attachment":[{"href":"https:\/\/ruedesproducteurs.fr\/pro\/wp-json\/wp\/v2\/media?parent=322"}],"curies":[{"name":"wp","href":"https:\/\/api.w.org\/{rel}","templated":true}]}}