{"id":324,"date":"2022-05-05T14:00:16","date_gmt":"2022-05-05T12:00:16","guid":{"rendered":"https:\/\/dev-scope.fr\/pro\/?post_type=product&#038;p=324"},"modified":"2022-05-24T12:12:44","modified_gmt":"2022-05-24T10:12:44","slug":"hors-de-sentiers-battus","status":"publish","type":"product","link":"https:\/\/ruedesproducteurs.fr\/pro\/produit\/hors-de-sentiers-battus\/","title":{"rendered":"Hors de sentiers battus"},"content":{"rendered":"","protected":false},"excerpt":{"rendered":"<p><strong>Dans ce coffre de pirates, vous attend la composition originale, sal\u00e9e et sucr\u00e9e, suivante:<\/strong><\/p>\n<ul>\n<li>Des rillettes de canard aux baies roses (160g), gourmandes avec une note sucr\u00e9e et anis\u00e9e cuisin\u00e9es avec des produits artisanaux mijot\u00e9s avec soin en Ard\u00e8che<\/li>\n<li>Un pesto \u201cAil des ours\u201d (85g), cueillis \u00e0 la main au centre de l\u2019Ard\u00e8che<\/li>\n<li>Une sauce \u201cClac Ketchup Auvergnat Betterave\u201d (250g), au go\u00fbt acidul\u00e9 et sucr\u00e9, cuisin\u00e9e \u00e0 partir d\u2019ingr\u00e9dients bio, frais et de saison, concoct\u00e9e en Auvergne<\/li>\n<li>Des pois chiche \u201cChiche\u201d (90g), grill\u00e9s et savoureux pour l\u2019ap\u00e9ritif, pr\u00e9par\u00e9s \u00e0 partir de l\u00e9gumineuses conditionn\u00e9es dans le Beaujolais<\/li>\n<li>Une confiture \u201cDorne\u201d (240g), pr\u00e9par\u00e9e \u00e0 partir de fruits du jardin ou de producteurs locaux aux saveurs originelles des fruits en Ard\u00e8che<\/li>\n<li>Un boudin aux pommes (90g), \u00e0 toaster, onctueux au go\u00fbt sucr\u00e9 sal\u00e9<\/li>\n<li>Une bi\u00e8re \u201cOurs\u201d bio (33cl), rafra\u00eechissante et v\u00e9g\u00e9tale aux ar\u00f4mes de verveine citronn\u00e9e produite en Savoie<\/li>\n<li>Une mignonette de &#8220;Vieux Marc\u201d (3cl), de la distillerie artisanale Pascal Nalin, dans la vall\u00e9e de la Br\u00e9venne (69).<\/li>\n<\/ul>\n","protected":false},"featured_media":325,"comment_status":"open","ping_status":"closed","template":"","meta":[],"yoast_head":"<!-- This site is optimized with the Yoast SEO plugin v20.3 - https:\/\/yoast.com\/wordpress\/plugins\/seo\/ -->\n<title>Hors de sentiers battus -<\/title>\n<meta name=\"robots\" content=\"index, follow, max-snippet:-1, max-image-preview:large, max-video-preview:-1\" \/>\n<link rel=\"canonical\" href=\"https:\/\/ruedesproducteurs.fr\/pro\/produit\/hors-de-sentiers-battus\/\" \/>\n<meta property=\"og:locale\" content=\"fr_FR\" \/>\n<meta property=\"og:type\" content=\"article\" \/>\n<meta property=\"og:title\" content=\"Hors de sentiers battus -\" \/>\n<meta property=\"og:description\" content=\"Dans ce coffre de pirates, vous attend la composition originale, sal\u00e9e et sucr\u00e9e, suivante:   Des rillettes de canard aux baies roses (160g), gourmandes avec une note sucr\u00e9e et anis\u00e9e cuisin\u00e9es avec des produits artisanaux mijot\u00e9s avec soin en Ard\u00e8che  Un pesto \u201cAil des ours\u201d (85g), cueillis \u00e0 la main au centre de l\u2019Ard\u00e8che  Une sauce \u201cClac Ketchup Auvergnat Betterave\u201d (250g), au go\u00fbt acidul\u00e9 et sucr\u00e9, cuisin\u00e9e \u00e0 partir d\u2019ingr\u00e9dients bio, frais et de saison, concoct\u00e9e en Auvergne  Des pois chiche \u201cChiche\u201d (90g), grill\u00e9s et savoureux pour l\u2019ap\u00e9ritif, pr\u00e9par\u00e9s \u00e0 partir de l\u00e9gumineuses conditionn\u00e9es dans le Beaujolais  Une confiture \u201cDorne\u201d (240g), pr\u00e9par\u00e9e \u00e0 partir de fruits du jardin ou de producteurs locaux aux saveurs originelles des fruits en Ard\u00e8che  Un boudin aux pommes (90g), \u00e0 toaster, onctueux au go\u00fbt sucr\u00e9 sal\u00e9  Une bi\u00e8re \u201cOurs\u201d bio (33cl), rafra\u00eechissante et v\u00e9g\u00e9tale aux ar\u00f4mes de verveine citronn\u00e9e produite en Savoie  Une mignonette de &quot;Vieux Marc\u201d (3cl), de la distillerie artisanale Pascal Nalin, dans la vall\u00e9e de la Br\u00e9venne (69).\" \/>\n<meta property=\"og:url\" content=\"https:\/\/ruedesproducteurs.fr\/pro\/produit\/hors-de-sentiers-battus\/\" \/>\n<meta property=\"article:modified_time\" content=\"2022-05-24T10:12:44+00:00\" \/>\n<meta property=\"og:image\" content=\"https:\/\/ruedesproducteurs.fr\/pro\/wp-content\/uploads\/2022\/05\/Hors-des-sentiers-battus_6890-scaled.jpg\" \/>\n\t<meta property=\"og:image:width\" content=\"2560\" \/>\n\t<meta property=\"og:image:height\" content=\"1814\" \/>\n\t<meta property=\"og:image:type\" content=\"image\/jpeg\" \/>\n<meta name=\"twitter:card\" content=\"summary_large_image\" \/>\n<script type=\"application\/ld+json\" class=\"yoast-schema-graph\">{\"@context\":\"https:\/\/schema.org\",\"@graph\":[{\"@type\":\"WebPage\",\"@id\":\"https:\/\/ruedesproducteurs.fr\/pro\/produit\/hors-de-sentiers-battus\/\",\"url\":\"https:\/\/ruedesproducteurs.fr\/pro\/produit\/hors-de-sentiers-battus\/\",\"name\":\"Hors de sentiers battus -\",\"isPartOf\":{\"@id\":\"https:\/\/ruedesproducteurs.fr\/pro\/#website\"},\"datePublished\":\"2022-05-05T12:00:16+00:00\",\"dateModified\":\"2022-05-24T10:12:44+00:00\",\"breadcrumb\":{\"@id\":\"https:\/\/ruedesproducteurs.fr\/pro\/produit\/hors-de-sentiers-battus\/#breadcrumb\"},\"inLanguage\":\"fr-FR\",\"potentialAction\":[{\"@type\":\"ReadAction\",\"target\":[\"https:\/\/ruedesproducteurs.fr\/pro\/produit\/hors-de-sentiers-battus\/\"]}]},{\"@type\":\"BreadcrumbList\",\"@id\":\"https:\/\/ruedesproducteurs.fr\/pro\/produit\/hors-de-sentiers-battus\/#breadcrumb\",\"itemListElement\":[{\"@type\":\"ListItem\",\"position\":1,\"name\":\"Accueil\",\"item\":\"https:\/\/ruedesproducteurs.fr\/pro\/\"},{\"@type\":\"ListItem\",\"position\":2,\"name\":\"panier gourmand lyon\",\"item\":\"https:\/\/ruedesproducteurs.fr\/pro\/panier-gourmand-lyon\/\"},{\"@type\":\"ListItem\",\"position\":3,\"name\":\"Hors de sentiers battus\"}]},{\"@type\":\"WebSite\",\"@id\":\"https:\/\/ruedesproducteurs.fr\/pro\/#website\",\"url\":\"https:\/\/ruedesproducteurs.fr\/pro\/\",\"name\":\"\",\"description\":\"\",\"potentialAction\":[{\"@type\":\"SearchAction\",\"target\":{\"@type\":\"EntryPoint\",\"urlTemplate\":\"https:\/\/ruedesproducteurs.fr\/pro\/?s={search_term_string}\"},\"query-input\":\"required name=search_term_string\"}],\"inLanguage\":\"fr-FR\"}]}<\/script>\n<!-- \/ Yoast SEO plugin. -->","yoast_head_json":{"title":"Hors de sentiers battus -","robots":{"index":"index","follow":"follow","max-snippet":"max-snippet:-1","max-image-preview":"max-image-preview:large","max-video-preview":"max-video-preview:-1"},"canonical":"https:\/\/ruedesproducteurs.fr\/pro\/produit\/hors-de-sentiers-battus\/","og_locale":"fr_FR","og_type":"article","og_title":"Hors de sentiers battus -","og_description":"Dans ce coffre de pirates, vous attend la composition originale, sal\u00e9e et sucr\u00e9e, suivante:   Des rillettes de canard aux baies roses (160g), gourmandes avec une note sucr\u00e9e et anis\u00e9e cuisin\u00e9es avec des produits artisanaux mijot\u00e9s avec soin en Ard\u00e8che  Un pesto \u201cAil des ours\u201d (85g), cueillis \u00e0 la main au centre de l\u2019Ard\u00e8che  Une sauce \u201cClac Ketchup Auvergnat Betterave\u201d (250g), au go\u00fbt acidul\u00e9 et sucr\u00e9, cuisin\u00e9e \u00e0 partir d\u2019ingr\u00e9dients bio, frais et de saison, concoct\u00e9e en Auvergne  Des pois chiche \u201cChiche\u201d (90g), grill\u00e9s et savoureux pour l\u2019ap\u00e9ritif, pr\u00e9par\u00e9s \u00e0 partir de l\u00e9gumineuses conditionn\u00e9es dans le Beaujolais  Une confiture \u201cDorne\u201d (240g), pr\u00e9par\u00e9e \u00e0 partir de fruits du jardin ou de producteurs locaux aux saveurs originelles des fruits en Ard\u00e8che  Un boudin aux pommes (90g), \u00e0 toaster, onctueux au go\u00fbt sucr\u00e9 sal\u00e9  Une bi\u00e8re \u201cOurs\u201d bio (33cl), rafra\u00eechissante et v\u00e9g\u00e9tale aux ar\u00f4mes de verveine citronn\u00e9e produite en Savoie  Une mignonette de \"Vieux Marc\u201d (3cl), de la distillerie artisanale Pascal Nalin, dans la vall\u00e9e de la Br\u00e9venne (69).","og_url":"https:\/\/ruedesproducteurs.fr\/pro\/produit\/hors-de-sentiers-battus\/","article_modified_time":"2022-05-24T10:12:44+00:00","og_image":[{"width":2560,"height":1814,"url":"https:\/\/ruedesproducteurs.fr\/pro\/wp-content\/uploads\/2022\/05\/Hors-des-sentiers-battus_6890-scaled.jpg","type":"image\/jpeg"}],"twitter_card":"summary_large_image","schema":{"@context":"https:\/\/schema.org","@graph":[{"@type":"WebPage","@id":"https:\/\/ruedesproducteurs.fr\/pro\/produit\/hors-de-sentiers-battus\/","url":"https:\/\/ruedesproducteurs.fr\/pro\/produit\/hors-de-sentiers-battus\/","name":"Hors de sentiers battus -","isPartOf":{"@id":"https:\/\/ruedesproducteurs.fr\/pro\/#website"},"datePublished":"2022-05-05T12:00:16+00:00","dateModified":"2022-05-24T10:12:44+00:00","breadcrumb":{"@id":"https:\/\/ruedesproducteurs.fr\/pro\/produit\/hors-de-sentiers-battus\/#breadcrumb"},"inLanguage":"fr-FR","potentialAction":[{"@type":"ReadAction","target":["https:\/\/ruedesproducteurs.fr\/pro\/produit\/hors-de-sentiers-battus\/"]}]},{"@type":"BreadcrumbList","@id":"https:\/\/ruedesproducteurs.fr\/pro\/produit\/hors-de-sentiers-battus\/#breadcrumb","itemListElement":[{"@type":"ListItem","position":1,"name":"Accueil","item":"https:\/\/ruedesproducteurs.fr\/pro\/"},{"@type":"ListItem","position":2,"name":"panier gourmand lyon","item":"https:\/\/ruedesproducteurs.fr\/pro\/panier-gourmand-lyon\/"},{"@type":"ListItem","position":3,"name":"Hors de sentiers battus"}]},{"@type":"WebSite","@id":"https:\/\/ruedesproducteurs.fr\/pro\/#website","url":"https:\/\/ruedesproducteurs.fr\/pro\/","name":"","description":"","potentialAction":[{"@type":"SearchAction","target":{"@type":"EntryPoint","urlTemplate":"https:\/\/ruedesproducteurs.fr\/pro\/?s={search_term_string}"},"query-input":"required name=search_term_string"}],"inLanguage":"fr-FR"}]}},"_links":{"self":[{"href":"https:\/\/ruedesproducteurs.fr\/pro\/wp-json\/wp\/v2\/product\/324"}],"collection":[{"href":"https:\/\/ruedesproducteurs.fr\/pro\/wp-json\/wp\/v2\/product"}],"about":[{"href":"https:\/\/ruedesproducteurs.fr\/pro\/wp-json\/wp\/v2\/types\/product"}],"replies":[{"embeddable":true,"href":"https:\/\/ruedesproducteurs.fr\/pro\/wp-json\/wp\/v2\/comments?post=324"}],"wp:featuredmedia":[{"embeddable":true,"href":"https:\/\/ruedesproducteurs.fr\/pro\/wp-json\/wp\/v2\/media\/325"}],"wp:attachment":[{"href":"https:\/\/ruedesproducteurs.fr\/pro\/wp-json\/wp\/v2\/media?parent=324"}],"curies":[{"name":"wp","href":"https:\/\/api.w.org\/{rel}","templated":true}]}}