{"id":328,"date":"2022-05-05T14:06:32","date_gmt":"2022-05-05T12:06:32","guid":{"rendered":"https:\/\/dev-scope.fr\/pro\/?post_type=product&#038;p=328"},"modified":"2022-05-24T12:26:54","modified_gmt":"2022-05-24T10:26:54","slug":"la-vie-en-rose","status":"publish","type":"product","link":"https:\/\/ruedesproducteurs.fr\/pro\/produit\/la-vie-en-rose\/","title":{"rendered":"La vie en rose"},"content":{"rendered":"","protected":false},"excerpt":{"rendered":"<p><strong>Dans cette valisette aux notes sucr\u00e9es se trouve :<\/strong><\/p>\n<ul>\n<li>Une confiture de m\u00fbres \u201cBonne heure des papilles\u201d (240g), r\u00e9alis\u00e9e avec des fruits de production locale r\u00e9colt\u00e9s \u00e0 maturit\u00e9 pour souligner leurs ar\u00f4mes. Elle est pr\u00e9par\u00e9e \u00e0 quelques kilom\u00e8tres de Lyon \u00e0 Sourcieux les Mines,<\/li>\n<li>Des pralines roses (200g), savoureuses et gourmandes pr\u00e9par\u00e9es avec soin au c\u0153ur de la Loire selon des m\u00e9thodes artisanales<\/li>\n<li>Un sirop de cassis (25cl) acidul\u00e9 et naturel, de Haute Loire<\/li>\n<li>Un jus de fraise (25cl) gourmand et rafraichissant<\/li>\n<li>Une p\u00e2te \u00e0 tartiner \u201cCitadelle\u201d (200g), de fabrication artisanale situ\u00e9e dans le Beaujolais<\/li>\n<li>Des langues de chat \u201cLes Mignoteries\u201d (120g), g\u00e9n\u00e9reuses au go\u00fbt prononc\u00e9 de miel d\u2019Ard\u00e8che, 100% naturel, r\u00e9alis\u00e9es artisanalement en Ard\u00e8che verte.<\/li>\n<\/ul>\n","protected":false},"featured_media":329,"comment_status":"open","ping_status":"closed","template":"","meta":[],"yoast_head":"<!-- This site is optimized with the Yoast SEO plugin v20.3 - https:\/\/yoast.com\/wordpress\/plugins\/seo\/ -->\n<title>La vie en rose -<\/title>\n<meta name=\"robots\" content=\"index, follow, max-snippet:-1, max-image-preview:large, max-video-preview:-1\" \/>\n<link rel=\"canonical\" href=\"https:\/\/ruedesproducteurs.fr\/pro\/produit\/la-vie-en-rose\/\" \/>\n<meta property=\"og:locale\" content=\"fr_FR\" \/>\n<meta property=\"og:type\" content=\"article\" \/>\n<meta property=\"og:title\" content=\"La vie en rose -\" \/>\n<meta property=\"og:description\" content=\"Dans cette valisette aux notes sucr\u00e9es se trouve :   Une confiture de m\u00fbres \u201cBonne heure des papilles\u201d (240g), r\u00e9alis\u00e9e avec des fruits de production locale r\u00e9colt\u00e9s \u00e0 maturit\u00e9 pour souligner leurs ar\u00f4mes. Elle est pr\u00e9par\u00e9e \u00e0 quelques kilom\u00e8tres de Lyon \u00e0 Sourcieux les Mines,  Des pralines roses (200g), savoureuses et gourmandes pr\u00e9par\u00e9es avec soin au c\u0153ur de la Loire selon des m\u00e9thodes artisanales  Un sirop de cassis (25cl) acidul\u00e9 et naturel, de Haute Loire  Un jus de fraise (25cl) gourmand et rafraichissant  Une p\u00e2te \u00e0 tartiner \u201cCitadelle\u201d (200g), de fabrication artisanale situ\u00e9e dans le Beaujolais  Des langues de chat \u201cLes Mignoteries\u201d (120g), g\u00e9n\u00e9reuses au go\u00fbt prononc\u00e9 de miel d\u2019Ard\u00e8che, 100% naturel, r\u00e9alis\u00e9es artisanalement en Ard\u00e8che verte.\" \/>\n<meta property=\"og:url\" content=\"https:\/\/ruedesproducteurs.fr\/pro\/produit\/la-vie-en-rose\/\" \/>\n<meta property=\"article:modified_time\" content=\"2022-05-24T10:26:54+00:00\" \/>\n<meta property=\"og:image\" content=\"https:\/\/ruedesproducteurs.fr\/pro\/wp-content\/uploads\/2022\/05\/La-Vie-en-Rose_3990-scaled.jpg\" \/>\n\t<meta property=\"og:image:width\" content=\"2560\" \/>\n\t<meta property=\"og:image:height\" content=\"1942\" \/>\n\t<meta property=\"og:image:type\" content=\"image\/jpeg\" \/>\n<meta name=\"twitter:card\" content=\"summary_large_image\" \/>\n<script type=\"application\/ld+json\" class=\"yoast-schema-graph\">{\"@context\":\"https:\/\/schema.org\",\"@graph\":[{\"@type\":\"WebPage\",\"@id\":\"https:\/\/ruedesproducteurs.fr\/pro\/produit\/la-vie-en-rose\/\",\"url\":\"https:\/\/ruedesproducteurs.fr\/pro\/produit\/la-vie-en-rose\/\",\"name\":\"La vie en rose -\",\"isPartOf\":{\"@id\":\"https:\/\/ruedesproducteurs.fr\/pro\/#website\"},\"datePublished\":\"2022-05-05T12:06:32+00:00\",\"dateModified\":\"2022-05-24T10:26:54+00:00\",\"breadcrumb\":{\"@id\":\"https:\/\/ruedesproducteurs.fr\/pro\/produit\/la-vie-en-rose\/#breadcrumb\"},\"inLanguage\":\"fr-FR\",\"potentialAction\":[{\"@type\":\"ReadAction\",\"target\":[\"https:\/\/ruedesproducteurs.fr\/pro\/produit\/la-vie-en-rose\/\"]}]},{\"@type\":\"BreadcrumbList\",\"@id\":\"https:\/\/ruedesproducteurs.fr\/pro\/produit\/la-vie-en-rose\/#breadcrumb\",\"itemListElement\":[{\"@type\":\"ListItem\",\"position\":1,\"name\":\"Accueil\",\"item\":\"https:\/\/ruedesproducteurs.fr\/pro\/\"},{\"@type\":\"ListItem\",\"position\":2,\"name\":\"panier gourmand lyon\",\"item\":\"https:\/\/ruedesproducteurs.fr\/pro\/panier-gourmand-lyon\/\"},{\"@type\":\"ListItem\",\"position\":3,\"name\":\"La vie en rose\"}]},{\"@type\":\"WebSite\",\"@id\":\"https:\/\/ruedesproducteurs.fr\/pro\/#website\",\"url\":\"https:\/\/ruedesproducteurs.fr\/pro\/\",\"name\":\"\",\"description\":\"\",\"potentialAction\":[{\"@type\":\"SearchAction\",\"target\":{\"@type\":\"EntryPoint\",\"urlTemplate\":\"https:\/\/ruedesproducteurs.fr\/pro\/?s={search_term_string}\"},\"query-input\":\"required name=search_term_string\"}],\"inLanguage\":\"fr-FR\"}]}<\/script>\n<!-- \/ Yoast SEO plugin. -->","yoast_head_json":{"title":"La vie en rose -","robots":{"index":"index","follow":"follow","max-snippet":"max-snippet:-1","max-image-preview":"max-image-preview:large","max-video-preview":"max-video-preview:-1"},"canonical":"https:\/\/ruedesproducteurs.fr\/pro\/produit\/la-vie-en-rose\/","og_locale":"fr_FR","og_type":"article","og_title":"La vie en rose -","og_description":"Dans cette valisette aux notes sucr\u00e9es se trouve :   Une confiture de m\u00fbres \u201cBonne heure des papilles\u201d (240g), r\u00e9alis\u00e9e avec des fruits de production locale r\u00e9colt\u00e9s \u00e0 maturit\u00e9 pour souligner leurs ar\u00f4mes. Elle est pr\u00e9par\u00e9e \u00e0 quelques kilom\u00e8tres de Lyon \u00e0 Sourcieux les Mines,  Des pralines roses (200g), savoureuses et gourmandes pr\u00e9par\u00e9es avec soin au c\u0153ur de la Loire selon des m\u00e9thodes artisanales  Un sirop de cassis (25cl) acidul\u00e9 et naturel, de Haute Loire  Un jus de fraise (25cl) gourmand et rafraichissant  Une p\u00e2te \u00e0 tartiner \u201cCitadelle\u201d (200g), de fabrication artisanale situ\u00e9e dans le Beaujolais  Des langues de chat \u201cLes Mignoteries\u201d (120g), g\u00e9n\u00e9reuses au go\u00fbt prononc\u00e9 de miel d\u2019Ard\u00e8che, 100% naturel, r\u00e9alis\u00e9es artisanalement en Ard\u00e8che verte.","og_url":"https:\/\/ruedesproducteurs.fr\/pro\/produit\/la-vie-en-rose\/","article_modified_time":"2022-05-24T10:26:54+00:00","og_image":[{"width":2560,"height":1942,"url":"https:\/\/ruedesproducteurs.fr\/pro\/wp-content\/uploads\/2022\/05\/La-Vie-en-Rose_3990-scaled.jpg","type":"image\/jpeg"}],"twitter_card":"summary_large_image","schema":{"@context":"https:\/\/schema.org","@graph":[{"@type":"WebPage","@id":"https:\/\/ruedesproducteurs.fr\/pro\/produit\/la-vie-en-rose\/","url":"https:\/\/ruedesproducteurs.fr\/pro\/produit\/la-vie-en-rose\/","name":"La vie en rose -","isPartOf":{"@id":"https:\/\/ruedesproducteurs.fr\/pro\/#website"},"datePublished":"2022-05-05T12:06:32+00:00","dateModified":"2022-05-24T10:26:54+00:00","breadcrumb":{"@id":"https:\/\/ruedesproducteurs.fr\/pro\/produit\/la-vie-en-rose\/#breadcrumb"},"inLanguage":"fr-FR","potentialAction":[{"@type":"ReadAction","target":["https:\/\/ruedesproducteurs.fr\/pro\/produit\/la-vie-en-rose\/"]}]},{"@type":"BreadcrumbList","@id":"https:\/\/ruedesproducteurs.fr\/pro\/produit\/la-vie-en-rose\/#breadcrumb","itemListElement":[{"@type":"ListItem","position":1,"name":"Accueil","item":"https:\/\/ruedesproducteurs.fr\/pro\/"},{"@type":"ListItem","position":2,"name":"panier gourmand lyon","item":"https:\/\/ruedesproducteurs.fr\/pro\/panier-gourmand-lyon\/"},{"@type":"ListItem","position":3,"name":"La vie en rose"}]},{"@type":"WebSite","@id":"https:\/\/ruedesproducteurs.fr\/pro\/#website","url":"https:\/\/ruedesproducteurs.fr\/pro\/","name":"","description":"","potentialAction":[{"@type":"SearchAction","target":{"@type":"EntryPoint","urlTemplate":"https:\/\/ruedesproducteurs.fr\/pro\/?s={search_term_string}"},"query-input":"required name=search_term_string"}],"inLanguage":"fr-FR"}]}},"_links":{"self":[{"href":"https:\/\/ruedesproducteurs.fr\/pro\/wp-json\/wp\/v2\/product\/328"}],"collection":[{"href":"https:\/\/ruedesproducteurs.fr\/pro\/wp-json\/wp\/v2\/product"}],"about":[{"href":"https:\/\/ruedesproducteurs.fr\/pro\/wp-json\/wp\/v2\/types\/product"}],"replies":[{"embeddable":true,"href":"https:\/\/ruedesproducteurs.fr\/pro\/wp-json\/wp\/v2\/comments?post=328"}],"wp:featuredmedia":[{"embeddable":true,"href":"https:\/\/ruedesproducteurs.fr\/pro\/wp-json\/wp\/v2\/media\/329"}],"wp:attachment":[{"href":"https:\/\/ruedesproducteurs.fr\/pro\/wp-json\/wp\/v2\/media?parent=328"}],"curies":[{"name":"wp","href":"https:\/\/api.w.org\/{rel}","templated":true}]}}