{"id":330,"date":"2022-05-05T14:07:36","date_gmt":"2022-05-05T12:07:36","guid":{"rendered":"https:\/\/dev-scope.fr\/pro\/?post_type=product&#038;p=330"},"modified":"2024-05-23T11:57:51","modified_gmt":"2024-05-23T09:57:51","slug":"le-grand-lyonnais","status":"publish","type":"product","link":"https:\/\/ruedesproducteurs.fr\/pro\/produit\/le-grand-lyonnais\/","title":{"rendered":"Le grand Lyonnais"},"content":{"rendered":"","protected":false},"excerpt":{"rendered":"<p><strong>Dans ce panier sal\u00e9 sucr\u00e9 de la gastronomie locale lyonnaise se trouve : <\/strong><\/p>\n<ul>\n<li>Les biscuits ap\u00e9ritifs sabl\u00e9s \u00e0 l&#8217;ail des ours, tomate et basilic (180g), croquants et gourmands fabriqu\u00e9s artisanalement par &#8220;La biscuiterie Beaujolaise&#8221;<\/li>\n<li>Un caviar d\u2019aubergines \u201cLes Jardins de Christine\u201d (210g), produit et transform\u00e9 localement dans les Monts du Lyonnais<\/li>\n<li>Une terrine au foie gras (80g), issu d&#8217;un \u00e9levage en plein air, et transform\u00e9 \u00e0 la Ferme des Perrelles \u00e0 Anse.<\/li>\n<li>Une rillette de porc (180g), confectionn\u00e9 \u00e0 partir de produits fermiers situ\u00e9s dans la Loire<\/li>\n<li>Un miel (250g), produit dans l\u2019Is\u00e8re<\/li>\n<li>Des pralines enti\u00e8res (200g), issu de la confiserie &#8220;La maison de la praline&#8221;<\/li>\n<li>Des biscuits \u201cPetit Lyonnais\u201d (160g), issus d\u2019une fabrication artisanale, 100% Lyonnais<\/li>\n<li>Une bi\u00e8re \u201cBrasserie des Ursulines\u201d (75cl), fabriqu\u00e9 dans une ancienne abbaye du village m\u00e9di\u00e9val de Cr\u00e9mieu (Is\u00e8re)<\/li>\n<li>Un vin BIO \u201cBeaujolais Village\u201d (750ml), frais aux notes de fruits rouges.<\/li>\n<\/ul>\n<p>&nbsp;<\/p>\n","protected":false},"featured_media":1836,"comment_status":"open","ping_status":"closed","template":"","meta":[],"yoast_head":"<!-- This site is optimized with the Yoast SEO plugin v20.3 - https:\/\/yoast.com\/wordpress\/plugins\/seo\/ -->\n<title>Le grand Lyonnais -<\/title>\n<meta name=\"robots\" content=\"index, follow, max-snippet:-1, max-image-preview:large, max-video-preview:-1\" \/>\n<link rel=\"canonical\" href=\"https:\/\/ruedesproducteurs.fr\/pro\/produit\/le-grand-lyonnais\/\" \/>\n<meta property=\"og:locale\" content=\"fr_FR\" \/>\n<meta property=\"og:type\" content=\"article\" \/>\n<meta property=\"og:title\" content=\"Le grand Lyonnais -\" \/>\n<meta property=\"og:description\" content=\"Dans ce panier sal\u00e9 sucr\u00e9 de la gastronomie locale lyonnaise se trouve :    Les biscuits ap\u00e9ritifs sabl\u00e9s \u00e0 l&#039;ail des ours, tomate et basilic (180g), croquants et gourmands fabriqu\u00e9s artisanalement par &quot;La biscuiterie Beaujolaise&quot;  Un caviar d\u2019aubergines \u201cLes Jardins de Christine\u201d (210g), produit et transform\u00e9 localement dans les Monts du Lyonnais  Une terrine au foie gras (80g), issu d&#039;un \u00e9levage en plein air, et transform\u00e9 \u00e0 la Ferme des Perrelles \u00e0 Anse.  Une rillette de porc (180g), confectionn\u00e9 \u00e0 partir de produits fermiers situ\u00e9s dans la Loire  Un miel (250g), produit dans l\u2019Is\u00e8re  Des pralines enti\u00e8res (200g), issu de la confiserie &quot;La maison de la praline&quot;  Des biscuits \u201cPetit Lyonnais\u201d (160g), issus d\u2019une fabrication artisanale, 100% Lyonnais  Une bi\u00e8re \u201cBrasserie des Ursulines\u201d (75cl), fabriqu\u00e9 dans une ancienne abbaye du village m\u00e9di\u00e9val de Cr\u00e9mieu (Is\u00e8re)  Un vin BIO \u201cBeaujolais Village\u201d (750ml), frais aux notes de fruits rouges.  &nbsp;\" \/>\n<meta property=\"og:url\" content=\"https:\/\/ruedesproducteurs.fr\/pro\/produit\/le-grand-lyonnais\/\" \/>\n<meta property=\"article:modified_time\" content=\"2024-05-23T09:57:51+00:00\" \/>\n<meta property=\"og:image\" content=\"https:\/\/ruedesproducteurs.fr\/pro\/wp-content\/uploads\/2022\/05\/Grand_Lyonnais.jpg\" \/>\n\t<meta property=\"og:image:width\" content=\"2560\" \/>\n\t<meta property=\"og:image:height\" content=\"1706\" \/>\n\t<meta property=\"og:image:type\" content=\"image\/jpeg\" \/>\n<meta name=\"twitter:card\" content=\"summary_large_image\" \/>\n<script type=\"application\/ld+json\" class=\"yoast-schema-graph\">{\"@context\":\"https:\/\/schema.org\",\"@graph\":[{\"@type\":\"WebPage\",\"@id\":\"https:\/\/ruedesproducteurs.fr\/pro\/produit\/le-grand-lyonnais\/\",\"url\":\"https:\/\/ruedesproducteurs.fr\/pro\/produit\/le-grand-lyonnais\/\",\"name\":\"Le grand Lyonnais -\",\"isPartOf\":{\"@id\":\"https:\/\/ruedesproducteurs.fr\/pro\/#website\"},\"datePublished\":\"2022-05-05T12:07:36+00:00\",\"dateModified\":\"2024-05-23T09:57:51+00:00\",\"breadcrumb\":{\"@id\":\"https:\/\/ruedesproducteurs.fr\/pro\/produit\/le-grand-lyonnais\/#breadcrumb\"},\"inLanguage\":\"fr-FR\",\"potentialAction\":[{\"@type\":\"ReadAction\",\"target\":[\"https:\/\/ruedesproducteurs.fr\/pro\/produit\/le-grand-lyonnais\/\"]}]},{\"@type\":\"BreadcrumbList\",\"@id\":\"https:\/\/ruedesproducteurs.fr\/pro\/produit\/le-grand-lyonnais\/#breadcrumb\",\"itemListElement\":[{\"@type\":\"ListItem\",\"position\":1,\"name\":\"Accueil\",\"item\":\"https:\/\/ruedesproducteurs.fr\/pro\/\"},{\"@type\":\"ListItem\",\"position\":2,\"name\":\"panier gourmand lyon\",\"item\":\"https:\/\/ruedesproducteurs.fr\/pro\/panier-gourmand-lyon\/\"},{\"@type\":\"ListItem\",\"position\":3,\"name\":\"Le grand Lyonnais\"}]},{\"@type\":\"WebSite\",\"@id\":\"https:\/\/ruedesproducteurs.fr\/pro\/#website\",\"url\":\"https:\/\/ruedesproducteurs.fr\/pro\/\",\"name\":\"\",\"description\":\"\",\"potentialAction\":[{\"@type\":\"SearchAction\",\"target\":{\"@type\":\"EntryPoint\",\"urlTemplate\":\"https:\/\/ruedesproducteurs.fr\/pro\/?s={search_term_string}\"},\"query-input\":\"required name=search_term_string\"}],\"inLanguage\":\"fr-FR\"}]}<\/script>\n<!-- \/ Yoast SEO plugin. -->","yoast_head_json":{"title":"Le grand Lyonnais -","robots":{"index":"index","follow":"follow","max-snippet":"max-snippet:-1","max-image-preview":"max-image-preview:large","max-video-preview":"max-video-preview:-1"},"canonical":"https:\/\/ruedesproducteurs.fr\/pro\/produit\/le-grand-lyonnais\/","og_locale":"fr_FR","og_type":"article","og_title":"Le grand Lyonnais -","og_description":"Dans ce panier sal\u00e9 sucr\u00e9 de la gastronomie locale lyonnaise se trouve :    Les biscuits ap\u00e9ritifs sabl\u00e9s \u00e0 l'ail des ours, tomate et basilic (180g), croquants et gourmands fabriqu\u00e9s artisanalement par \"La biscuiterie Beaujolaise\"  Un caviar d\u2019aubergines \u201cLes Jardins de Christine\u201d (210g), produit et transform\u00e9 localement dans les Monts du Lyonnais  Une terrine au foie gras (80g), issu d'un \u00e9levage en plein air, et transform\u00e9 \u00e0 la Ferme des Perrelles \u00e0 Anse.  Une rillette de porc (180g), confectionn\u00e9 \u00e0 partir de produits fermiers situ\u00e9s dans la Loire  Un miel (250g), produit dans l\u2019Is\u00e8re  Des pralines enti\u00e8res (200g), issu de la confiserie \"La maison de la praline\"  Des biscuits \u201cPetit Lyonnais\u201d (160g), issus d\u2019une fabrication artisanale, 100% Lyonnais  Une bi\u00e8re \u201cBrasserie des Ursulines\u201d (75cl), fabriqu\u00e9 dans une ancienne abbaye du village m\u00e9di\u00e9val de Cr\u00e9mieu (Is\u00e8re)  Un vin BIO \u201cBeaujolais Village\u201d (750ml), frais aux notes de fruits rouges.  &nbsp;","og_url":"https:\/\/ruedesproducteurs.fr\/pro\/produit\/le-grand-lyonnais\/","article_modified_time":"2024-05-23T09:57:51+00:00","og_image":[{"width":2560,"height":1706,"url":"https:\/\/ruedesproducteurs.fr\/pro\/wp-content\/uploads\/2022\/05\/Grand_Lyonnais.jpg","type":"image\/jpeg"}],"twitter_card":"summary_large_image","schema":{"@context":"https:\/\/schema.org","@graph":[{"@type":"WebPage","@id":"https:\/\/ruedesproducteurs.fr\/pro\/produit\/le-grand-lyonnais\/","url":"https:\/\/ruedesproducteurs.fr\/pro\/produit\/le-grand-lyonnais\/","name":"Le grand Lyonnais -","isPartOf":{"@id":"https:\/\/ruedesproducteurs.fr\/pro\/#website"},"datePublished":"2022-05-05T12:07:36+00:00","dateModified":"2024-05-23T09:57:51+00:00","breadcrumb":{"@id":"https:\/\/ruedesproducteurs.fr\/pro\/produit\/le-grand-lyonnais\/#breadcrumb"},"inLanguage":"fr-FR","potentialAction":[{"@type":"ReadAction","target":["https:\/\/ruedesproducteurs.fr\/pro\/produit\/le-grand-lyonnais\/"]}]},{"@type":"BreadcrumbList","@id":"https:\/\/ruedesproducteurs.fr\/pro\/produit\/le-grand-lyonnais\/#breadcrumb","itemListElement":[{"@type":"ListItem","position":1,"name":"Accueil","item":"https:\/\/ruedesproducteurs.fr\/pro\/"},{"@type":"ListItem","position":2,"name":"panier gourmand lyon","item":"https:\/\/ruedesproducteurs.fr\/pro\/panier-gourmand-lyon\/"},{"@type":"ListItem","position":3,"name":"Le grand Lyonnais"}]},{"@type":"WebSite","@id":"https:\/\/ruedesproducteurs.fr\/pro\/#website","url":"https:\/\/ruedesproducteurs.fr\/pro\/","name":"","description":"","potentialAction":[{"@type":"SearchAction","target":{"@type":"EntryPoint","urlTemplate":"https:\/\/ruedesproducteurs.fr\/pro\/?s={search_term_string}"},"query-input":"required name=search_term_string"}],"inLanguage":"fr-FR"}]}},"_links":{"self":[{"href":"https:\/\/ruedesproducteurs.fr\/pro\/wp-json\/wp\/v2\/product\/330"}],"collection":[{"href":"https:\/\/ruedesproducteurs.fr\/pro\/wp-json\/wp\/v2\/product"}],"about":[{"href":"https:\/\/ruedesproducteurs.fr\/pro\/wp-json\/wp\/v2\/types\/product"}],"replies":[{"embeddable":true,"href":"https:\/\/ruedesproducteurs.fr\/pro\/wp-json\/wp\/v2\/comments?post=330"}],"wp:featuredmedia":[{"embeddable":true,"href":"https:\/\/ruedesproducteurs.fr\/pro\/wp-json\/wp\/v2\/media\/1836"}],"wp:attachment":[{"href":"https:\/\/ruedesproducteurs.fr\/pro\/wp-json\/wp\/v2\/media?parent=330"}],"curies":[{"name":"wp","href":"https:\/\/api.w.org\/{rel}","templated":true}]}}