{"id":336,"date":"2022-05-05T14:15:57","date_gmt":"2022-05-05T12:15:57","guid":{"rendered":"https:\/\/dev-scope.fr\/pro\/?post_type=product&#038;p=336"},"modified":"2022-05-24T12:13:49","modified_gmt":"2022-05-24T10:13:49","slug":"petite-decouverte","status":"publish","type":"product","link":"https:\/\/ruedesproducteurs.fr\/pro\/produit\/petite-decouverte\/","title":{"rendered":"Petite d\u00e9couverte"},"content":{"rendered":"","protected":false},"excerpt":{"rendered":"<p><strong>Dans cette valisette gourmande on trouve : <\/strong><\/p>\n<ul>\n<li>Une rillette \u201cPorc Jambon de pays\u201d \u2018Marc Sandevoir\u2019 (160g), gourmande, cuisin\u00e9e avec des produits artisanaux en Ard\u00e8che<\/li>\n<li>Des olives de vari\u00e9t\u00e9 \u201cPicholine\u201d (100g), croquantes \u00e0 la couleur de la picholine, cultiv\u00e9es au pied du Mont Bouquet depuis 1996 au soleil du pi\u00e9mont des C\u00e9vennes<\/li>\n<li>Une huile d\u2019olive \u201cPicho Campani\u201d (25cl)<\/li>\n<li>Une confiture \u201cDorne\u201d (240g), pr\u00e9par\u00e9e \u00e0 partir de fruits du jardin ou de producteurs locaux aux saveurs originelles des fruits en Ard\u00e8che<\/li>\n<li>Des Croquants \u201cBiscuiterie des Collines\u201d (150g), bien craquants avec un petit go\u00fbt de fra\u00eecheur, un classique de la r\u00e9gion dr\u00f4moise<\/li>\n<\/ul>\n","protected":false},"featured_media":337,"comment_status":"open","ping_status":"closed","template":"","meta":[],"yoast_head":"<!-- This site is optimized with the Yoast SEO plugin v20.3 - https:\/\/yoast.com\/wordpress\/plugins\/seo\/ -->\n<title>Petite d\u00e9couverte -<\/title>\n<meta name=\"robots\" content=\"index, follow, max-snippet:-1, max-image-preview:large, max-video-preview:-1\" \/>\n<link rel=\"canonical\" href=\"https:\/\/ruedesproducteurs.fr\/pro\/produit\/petite-decouverte\/\" \/>\n<meta property=\"og:locale\" content=\"fr_FR\" \/>\n<meta property=\"og:type\" content=\"article\" \/>\n<meta property=\"og:title\" content=\"Petite d\u00e9couverte -\" \/>\n<meta property=\"og:description\" content=\"Dans cette valisette gourmande on trouve :    Une rillette \u201cPorc Jambon de pays\u201d \u2018Marc Sandevoir\u2019 (160g), gourmande, cuisin\u00e9e avec des produits artisanaux en Ard\u00e8che  Des olives de vari\u00e9t\u00e9 \u201cPicholine\u201d (100g), croquantes \u00e0 la couleur de la picholine, cultiv\u00e9es au pied du Mont Bouquet depuis 1996 au soleil du pi\u00e9mont des C\u00e9vennes  Une huile d\u2019olive \u201cPicho Campani\u201d (25cl)  Une confiture \u201cDorne\u201d (240g), pr\u00e9par\u00e9e \u00e0 partir de fruits du jardin ou de producteurs locaux aux saveurs originelles des fruits en Ard\u00e8che  Des Croquants \u201cBiscuiterie des Collines\u201d (150g), bien craquants avec un petit go\u00fbt de fra\u00eecheur, un classique de la r\u00e9gion dr\u00f4moise\" \/>\n<meta property=\"og:url\" content=\"https:\/\/ruedesproducteurs.fr\/pro\/produit\/petite-decouverte\/\" \/>\n<meta property=\"article:modified_time\" content=\"2022-05-24T10:13:49+00:00\" \/>\n<meta property=\"og:image\" content=\"https:\/\/ruedesproducteurs.fr\/pro\/wp-content\/uploads\/2022\/05\/Petite-d\u201acouverte_2990-scaled.jpg\" \/>\n\t<meta property=\"og:image:width\" content=\"2560\" \/>\n\t<meta property=\"og:image:height\" content=\"1873\" \/>\n\t<meta property=\"og:image:type\" content=\"image\/jpeg\" \/>\n<meta name=\"twitter:card\" content=\"summary_large_image\" \/>\n<script type=\"application\/ld+json\" class=\"yoast-schema-graph\">{\"@context\":\"https:\/\/schema.org\",\"@graph\":[{\"@type\":\"WebPage\",\"@id\":\"https:\/\/ruedesproducteurs.fr\/pro\/produit\/petite-decouverte\/\",\"url\":\"https:\/\/ruedesproducteurs.fr\/pro\/produit\/petite-decouverte\/\",\"name\":\"Petite d\u00e9couverte -\",\"isPartOf\":{\"@id\":\"https:\/\/ruedesproducteurs.fr\/pro\/#website\"},\"datePublished\":\"2022-05-05T12:15:57+00:00\",\"dateModified\":\"2022-05-24T10:13:49+00:00\",\"breadcrumb\":{\"@id\":\"https:\/\/ruedesproducteurs.fr\/pro\/produit\/petite-decouverte\/#breadcrumb\"},\"inLanguage\":\"fr-FR\",\"potentialAction\":[{\"@type\":\"ReadAction\",\"target\":[\"https:\/\/ruedesproducteurs.fr\/pro\/produit\/petite-decouverte\/\"]}]},{\"@type\":\"BreadcrumbList\",\"@id\":\"https:\/\/ruedesproducteurs.fr\/pro\/produit\/petite-decouverte\/#breadcrumb\",\"itemListElement\":[{\"@type\":\"ListItem\",\"position\":1,\"name\":\"Accueil\",\"item\":\"https:\/\/ruedesproducteurs.fr\/pro\/\"},{\"@type\":\"ListItem\",\"position\":2,\"name\":\"panier gourmand lyon\",\"item\":\"https:\/\/ruedesproducteurs.fr\/pro\/panier-gourmand-lyon\/\"},{\"@type\":\"ListItem\",\"position\":3,\"name\":\"Petite d\u00e9couverte\"}]},{\"@type\":\"WebSite\",\"@id\":\"https:\/\/ruedesproducteurs.fr\/pro\/#website\",\"url\":\"https:\/\/ruedesproducteurs.fr\/pro\/\",\"name\":\"\",\"description\":\"\",\"potentialAction\":[{\"@type\":\"SearchAction\",\"target\":{\"@type\":\"EntryPoint\",\"urlTemplate\":\"https:\/\/ruedesproducteurs.fr\/pro\/?s={search_term_string}\"},\"query-input\":\"required name=search_term_string\"}],\"inLanguage\":\"fr-FR\"}]}<\/script>\n<!-- \/ Yoast SEO plugin. -->","yoast_head_json":{"title":"Petite d\u00e9couverte -","robots":{"index":"index","follow":"follow","max-snippet":"max-snippet:-1","max-image-preview":"max-image-preview:large","max-video-preview":"max-video-preview:-1"},"canonical":"https:\/\/ruedesproducteurs.fr\/pro\/produit\/petite-decouverte\/","og_locale":"fr_FR","og_type":"article","og_title":"Petite d\u00e9couverte -","og_description":"Dans cette valisette gourmande on trouve :    Une rillette \u201cPorc Jambon de pays\u201d \u2018Marc Sandevoir\u2019 (160g), gourmande, cuisin\u00e9e avec des produits artisanaux en Ard\u00e8che  Des olives de vari\u00e9t\u00e9 \u201cPicholine\u201d (100g), croquantes \u00e0 la couleur de la picholine, cultiv\u00e9es au pied du Mont Bouquet depuis 1996 au soleil du pi\u00e9mont des C\u00e9vennes  Une huile d\u2019olive \u201cPicho Campani\u201d (25cl)  Une confiture \u201cDorne\u201d (240g), pr\u00e9par\u00e9e \u00e0 partir de fruits du jardin ou de producteurs locaux aux saveurs originelles des fruits en Ard\u00e8che  Des Croquants \u201cBiscuiterie des Collines\u201d (150g), bien craquants avec un petit go\u00fbt de fra\u00eecheur, un classique de la r\u00e9gion dr\u00f4moise","og_url":"https:\/\/ruedesproducteurs.fr\/pro\/produit\/petite-decouverte\/","article_modified_time":"2022-05-24T10:13:49+00:00","og_image":[{"width":2560,"height":1873,"url":"https:\/\/ruedesproducteurs.fr\/pro\/wp-content\/uploads\/2022\/05\/Petite-d\u201acouverte_2990-scaled.jpg","type":"image\/jpeg"}],"twitter_card":"summary_large_image","schema":{"@context":"https:\/\/schema.org","@graph":[{"@type":"WebPage","@id":"https:\/\/ruedesproducteurs.fr\/pro\/produit\/petite-decouverte\/","url":"https:\/\/ruedesproducteurs.fr\/pro\/produit\/petite-decouverte\/","name":"Petite d\u00e9couverte -","isPartOf":{"@id":"https:\/\/ruedesproducteurs.fr\/pro\/#website"},"datePublished":"2022-05-05T12:15:57+00:00","dateModified":"2022-05-24T10:13:49+00:00","breadcrumb":{"@id":"https:\/\/ruedesproducteurs.fr\/pro\/produit\/petite-decouverte\/#breadcrumb"},"inLanguage":"fr-FR","potentialAction":[{"@type":"ReadAction","target":["https:\/\/ruedesproducteurs.fr\/pro\/produit\/petite-decouverte\/"]}]},{"@type":"BreadcrumbList","@id":"https:\/\/ruedesproducteurs.fr\/pro\/produit\/petite-decouverte\/#breadcrumb","itemListElement":[{"@type":"ListItem","position":1,"name":"Accueil","item":"https:\/\/ruedesproducteurs.fr\/pro\/"},{"@type":"ListItem","position":2,"name":"panier gourmand lyon","item":"https:\/\/ruedesproducteurs.fr\/pro\/panier-gourmand-lyon\/"},{"@type":"ListItem","position":3,"name":"Petite d\u00e9couverte"}]},{"@type":"WebSite","@id":"https:\/\/ruedesproducteurs.fr\/pro\/#website","url":"https:\/\/ruedesproducteurs.fr\/pro\/","name":"","description":"","potentialAction":[{"@type":"SearchAction","target":{"@type":"EntryPoint","urlTemplate":"https:\/\/ruedesproducteurs.fr\/pro\/?s={search_term_string}"},"query-input":"required name=search_term_string"}],"inLanguage":"fr-FR"}]}},"_links":{"self":[{"href":"https:\/\/ruedesproducteurs.fr\/pro\/wp-json\/wp\/v2\/product\/336"}],"collection":[{"href":"https:\/\/ruedesproducteurs.fr\/pro\/wp-json\/wp\/v2\/product"}],"about":[{"href":"https:\/\/ruedesproducteurs.fr\/pro\/wp-json\/wp\/v2\/types\/product"}],"replies":[{"embeddable":true,"href":"https:\/\/ruedesproducteurs.fr\/pro\/wp-json\/wp\/v2\/comments?post=336"}],"wp:featuredmedia":[{"embeddable":true,"href":"https:\/\/ruedesproducteurs.fr\/pro\/wp-json\/wp\/v2\/media\/337"}],"wp:attachment":[{"href":"https:\/\/ruedesproducteurs.fr\/pro\/wp-json\/wp\/v2\/media?parent=336"}],"curies":[{"name":"wp","href":"https:\/\/api.w.org\/{rel}","templated":true}]}}