{"id":338,"date":"2022-05-05T14:18:28","date_gmt":"2022-05-05T12:18:28","guid":{"rendered":"https:\/\/dev-scope.fr\/pro\/?post_type=product&#038;p=338"},"modified":"2022-07-22T14:37:27","modified_gmt":"2022-07-22T12:37:27","slug":"pique-nique-familial","status":"publish","type":"product","link":"https:\/\/ruedesproducteurs.fr\/pro\/produit\/pique-nique-familial\/","title":{"rendered":"Pique nique familial"},"content":{"rendered":"","protected":false},"excerpt":{"rendered":"<p><strong>Cette belle glaci\u00e8re familiale comprend :<\/strong><\/p>\n<ul>\n<li>Un pot de d\u00e9licieuses rillettes au jambon<\/li>\n<li>Une tartinade de caract\u00e8re olive-basilic<\/li>\n<li>Des olives noires qui sentent bon le sud (de la r\u00e9gion !)<\/li>\n<li>D&#8217;exquises chips \u00e0 la truffe cuites au chaudron<\/li>\n<li>Des biscuits sabl\u00e9s au cacao \u00e0 la fleur de sel<\/li>\n<li>Une compote dont les pommes et framboise ont \u00e9t\u00e9 cultiv\u00e9s, cueillis et transform\u00e9s sur une exploitation is\u00e9roise<\/li>\n<li>Une grande bouteille de nectar d\u2019abricot du Pilat pour les enfants<\/li>\n<li>Une petite bouteille d\u2019un grand vignoble en Beaujolais et deux petites bi\u00e8res d\u2019une brasserie \u00e0 deux pas de Lyon pour les parents<\/li>\n<\/ul>\n","protected":false},"featured_media":339,"comment_status":"open","ping_status":"closed","template":"","meta":[],"yoast_head":"<!-- This site is optimized with the Yoast SEO plugin v20.3 - https:\/\/yoast.com\/wordpress\/plugins\/seo\/ -->\n<title>Pique nique familial -<\/title>\n<meta name=\"robots\" content=\"index, follow, max-snippet:-1, max-image-preview:large, max-video-preview:-1\" \/>\n<link rel=\"canonical\" href=\"https:\/\/ruedesproducteurs.fr\/pro\/produit\/pique-nique-familial\/\" \/>\n<meta property=\"og:locale\" content=\"fr_FR\" \/>\n<meta property=\"og:type\" content=\"article\" \/>\n<meta property=\"og:title\" content=\"Pique nique familial -\" \/>\n<meta property=\"og:description\" content=\"Cette belle glaci\u00e8re familiale comprend :   Un pot de d\u00e9licieuses rillettes au jambon  Une tartinade de caract\u00e8re olive-basilic  Des olives noires qui sentent bon le sud (de la r\u00e9gion !)  D&#039;exquises chips \u00e0 la truffe cuites au chaudron  Des biscuits sabl\u00e9s au cacao \u00e0 la fleur de sel  Une compote dont les pommes et framboise ont \u00e9t\u00e9 cultiv\u00e9s, cueillis et transform\u00e9s sur une exploitation is\u00e9roise  Une grande bouteille de nectar d\u2019abricot du Pilat pour les enfants  Une petite bouteille d\u2019un grand vignoble en Beaujolais et deux petites bi\u00e8res d\u2019une brasserie \u00e0 deux pas de Lyon pour les parents\" \/>\n<meta property=\"og:url\" content=\"https:\/\/ruedesproducteurs.fr\/pro\/produit\/pique-nique-familial\/\" \/>\n<meta property=\"article:modified_time\" content=\"2022-07-22T12:37:27+00:00\" \/>\n<meta property=\"og:image\" content=\"https:\/\/ruedesproducteurs.fr\/pro\/wp-content\/uploads\/2022\/05\/Pique-nique-familial_7900-scaled.jpg\" \/>\n\t<meta property=\"og:image:width\" content=\"2560\" \/>\n\t<meta property=\"og:image:height\" content=\"1861\" \/>\n\t<meta property=\"og:image:type\" content=\"image\/jpeg\" \/>\n<meta name=\"twitter:card\" content=\"summary_large_image\" \/>\n<script type=\"application\/ld+json\" class=\"yoast-schema-graph\">{\"@context\":\"https:\/\/schema.org\",\"@graph\":[{\"@type\":\"WebPage\",\"@id\":\"https:\/\/ruedesproducteurs.fr\/pro\/produit\/pique-nique-familial\/\",\"url\":\"https:\/\/ruedesproducteurs.fr\/pro\/produit\/pique-nique-familial\/\",\"name\":\"Pique nique familial -\",\"isPartOf\":{\"@id\":\"https:\/\/ruedesproducteurs.fr\/pro\/#website\"},\"datePublished\":\"2022-05-05T12:18:28+00:00\",\"dateModified\":\"2022-07-22T12:37:27+00:00\",\"breadcrumb\":{\"@id\":\"https:\/\/ruedesproducteurs.fr\/pro\/produit\/pique-nique-familial\/#breadcrumb\"},\"inLanguage\":\"fr-FR\",\"potentialAction\":[{\"@type\":\"ReadAction\",\"target\":[\"https:\/\/ruedesproducteurs.fr\/pro\/produit\/pique-nique-familial\/\"]}]},{\"@type\":\"BreadcrumbList\",\"@id\":\"https:\/\/ruedesproducteurs.fr\/pro\/produit\/pique-nique-familial\/#breadcrumb\",\"itemListElement\":[{\"@type\":\"ListItem\",\"position\":1,\"name\":\"Accueil\",\"item\":\"https:\/\/ruedesproducteurs.fr\/pro\/\"},{\"@type\":\"ListItem\",\"position\":2,\"name\":\"panier gourmand lyon\",\"item\":\"https:\/\/ruedesproducteurs.fr\/pro\/panier-gourmand-lyon\/\"},{\"@type\":\"ListItem\",\"position\":3,\"name\":\"Pique nique familial\"}]},{\"@type\":\"WebSite\",\"@id\":\"https:\/\/ruedesproducteurs.fr\/pro\/#website\",\"url\":\"https:\/\/ruedesproducteurs.fr\/pro\/\",\"name\":\"\",\"description\":\"\",\"potentialAction\":[{\"@type\":\"SearchAction\",\"target\":{\"@type\":\"EntryPoint\",\"urlTemplate\":\"https:\/\/ruedesproducteurs.fr\/pro\/?s={search_term_string}\"},\"query-input\":\"required name=search_term_string\"}],\"inLanguage\":\"fr-FR\"}]}<\/script>\n<!-- \/ Yoast SEO plugin. -->","yoast_head_json":{"title":"Pique nique familial -","robots":{"index":"index","follow":"follow","max-snippet":"max-snippet:-1","max-image-preview":"max-image-preview:large","max-video-preview":"max-video-preview:-1"},"canonical":"https:\/\/ruedesproducteurs.fr\/pro\/produit\/pique-nique-familial\/","og_locale":"fr_FR","og_type":"article","og_title":"Pique nique familial -","og_description":"Cette belle glaci\u00e8re familiale comprend :   Un pot de d\u00e9licieuses rillettes au jambon  Une tartinade de caract\u00e8re olive-basilic  Des olives noires qui sentent bon le sud (de la r\u00e9gion !)  D'exquises chips \u00e0 la truffe cuites au chaudron  Des biscuits sabl\u00e9s au cacao \u00e0 la fleur de sel  Une compote dont les pommes et framboise ont \u00e9t\u00e9 cultiv\u00e9s, cueillis et transform\u00e9s sur une exploitation is\u00e9roise  Une grande bouteille de nectar d\u2019abricot du Pilat pour les enfants  Une petite bouteille d\u2019un grand vignoble en Beaujolais et deux petites bi\u00e8res d\u2019une brasserie \u00e0 deux pas de Lyon pour les parents","og_url":"https:\/\/ruedesproducteurs.fr\/pro\/produit\/pique-nique-familial\/","article_modified_time":"2022-07-22T12:37:27+00:00","og_image":[{"width":2560,"height":1861,"url":"https:\/\/ruedesproducteurs.fr\/pro\/wp-content\/uploads\/2022\/05\/Pique-nique-familial_7900-scaled.jpg","type":"image\/jpeg"}],"twitter_card":"summary_large_image","schema":{"@context":"https:\/\/schema.org","@graph":[{"@type":"WebPage","@id":"https:\/\/ruedesproducteurs.fr\/pro\/produit\/pique-nique-familial\/","url":"https:\/\/ruedesproducteurs.fr\/pro\/produit\/pique-nique-familial\/","name":"Pique nique familial -","isPartOf":{"@id":"https:\/\/ruedesproducteurs.fr\/pro\/#website"},"datePublished":"2022-05-05T12:18:28+00:00","dateModified":"2022-07-22T12:37:27+00:00","breadcrumb":{"@id":"https:\/\/ruedesproducteurs.fr\/pro\/produit\/pique-nique-familial\/#breadcrumb"},"inLanguage":"fr-FR","potentialAction":[{"@type":"ReadAction","target":["https:\/\/ruedesproducteurs.fr\/pro\/produit\/pique-nique-familial\/"]}]},{"@type":"BreadcrumbList","@id":"https:\/\/ruedesproducteurs.fr\/pro\/produit\/pique-nique-familial\/#breadcrumb","itemListElement":[{"@type":"ListItem","position":1,"name":"Accueil","item":"https:\/\/ruedesproducteurs.fr\/pro\/"},{"@type":"ListItem","position":2,"name":"panier gourmand lyon","item":"https:\/\/ruedesproducteurs.fr\/pro\/panier-gourmand-lyon\/"},{"@type":"ListItem","position":3,"name":"Pique nique familial"}]},{"@type":"WebSite","@id":"https:\/\/ruedesproducteurs.fr\/pro\/#website","url":"https:\/\/ruedesproducteurs.fr\/pro\/","name":"","description":"","potentialAction":[{"@type":"SearchAction","target":{"@type":"EntryPoint","urlTemplate":"https:\/\/ruedesproducteurs.fr\/pro\/?s={search_term_string}"},"query-input":"required name=search_term_string"}],"inLanguage":"fr-FR"}]}},"_links":{"self":[{"href":"https:\/\/ruedesproducteurs.fr\/pro\/wp-json\/wp\/v2\/product\/338"}],"collection":[{"href":"https:\/\/ruedesproducteurs.fr\/pro\/wp-json\/wp\/v2\/product"}],"about":[{"href":"https:\/\/ruedesproducteurs.fr\/pro\/wp-json\/wp\/v2\/types\/product"}],"replies":[{"embeddable":true,"href":"https:\/\/ruedesproducteurs.fr\/pro\/wp-json\/wp\/v2\/comments?post=338"}],"wp:featuredmedia":[{"embeddable":true,"href":"https:\/\/ruedesproducteurs.fr\/pro\/wp-json\/wp\/v2\/media\/339"}],"wp:attachment":[{"href":"https:\/\/ruedesproducteurs.fr\/pro\/wp-json\/wp\/v2\/media?parent=338"}],"curies":[{"name":"wp","href":"https:\/\/api.w.org\/{rel}","templated":true}]}}