{"id":340,"date":"2022-05-05T14:21:04","date_gmt":"2022-05-05T12:21:04","guid":{"rendered":"https:\/\/dev-scope.fr\/pro\/?post_type=product&#038;p=340"},"modified":"2023-09-13T16:01:12","modified_gmt":"2023-09-13T14:01:12","slug":"promenons-dans-les-bois","status":"publish","type":"product","link":"https:\/\/ruedesproducteurs.fr\/pro\/produit\/promenons-dans-les-bois\/","title":{"rendered":"Promenons nous dans les bois"},"content":{"rendered":"","protected":false},"excerpt":{"rendered":"<p><strong>Ce joli Panier Gourmand en osier comprend :<\/strong><\/p>\n<ul>\n<li>Une petite terrine v\u00e9g\u00e9tale \u00e0 base de ch\u00e2taignes<\/li>\n<li>Une terrine de sanglier au <strong>Cognac<\/strong> pr\u00e9par\u00e9 dans une salaison ard\u00e9choise datant de 1880<\/li>\n<li>Des ch\u00e2taignes ap\u00e9ritives subtilement alcoolis\u00e9es<\/li>\n<li>Un pesto \u00e0 l\u2019ail des ours, cueilli et pr\u00e9par\u00e9 avec amour par Emmanuelle dans le sud de la <strong>Dr\u00f4me<\/strong><\/li>\n<li>Une huile de noisette l\u00e9g\u00e8rement torr\u00e9fi\u00e9e issue d\u2019une huilerie artisanale qui perp\u00e9tue la tradition depuis 1857<\/li>\n<li>Des girolles cueillies puis s\u00e9ch\u00e9es dans la <strong>Haute Loire<\/strong><\/li>\n<li>Un sirop de myrtille 100% fruit\u00e9 et naturel.<\/li>\n<\/ul>\n","protected":false},"featured_media":341,"comment_status":"open","ping_status":"closed","template":"","meta":[],"yoast_head":"<!-- This site is optimized with the Yoast SEO plugin v20.3 - https:\/\/yoast.com\/wordpress\/plugins\/seo\/ -->\n<title>Promenons nous dans les bois -<\/title>\n<meta name=\"robots\" content=\"index, follow, max-snippet:-1, max-image-preview:large, max-video-preview:-1\" \/>\n<link rel=\"canonical\" href=\"https:\/\/ruedesproducteurs.fr\/pro\/produit\/promenons-dans-les-bois\/\" \/>\n<meta property=\"og:locale\" content=\"fr_FR\" \/>\n<meta property=\"og:type\" content=\"article\" \/>\n<meta property=\"og:title\" content=\"Promenons nous dans les bois -\" \/>\n<meta property=\"og:description\" content=\"Ce joli Panier Gourmand en osier comprend :   Une petite terrine v\u00e9g\u00e9tale \u00e0 base de ch\u00e2taignes  Une terrine de sanglier au Cognac pr\u00e9par\u00e9 dans une salaison ard\u00e9choise datant de 1880  Des ch\u00e2taignes ap\u00e9ritives subtilement alcoolis\u00e9es  Un pesto \u00e0 l\u2019ail des ours, cueilli et pr\u00e9par\u00e9 avec amour par Emmanuelle dans le sud de la Dr\u00f4me  Une huile de noisette l\u00e9g\u00e8rement torr\u00e9fi\u00e9e issue d\u2019une huilerie artisanale qui perp\u00e9tue la tradition depuis 1857  Des girolles cueillies puis s\u00e9ch\u00e9es dans la Haute Loire  Un sirop de myrtille 100% fruit\u00e9 et naturel.\" \/>\n<meta property=\"og:url\" content=\"https:\/\/ruedesproducteurs.fr\/pro\/produit\/promenons-dans-les-bois\/\" \/>\n<meta property=\"article:modified_time\" content=\"2023-09-13T14:01:12+00:00\" \/>\n<meta property=\"og:image\" content=\"https:\/\/ruedesproducteurs.fr\/pro\/wp-content\/uploads\/2022\/05\/Promenons-nous-dans-les-bois_5490-scaled.jpg\" \/>\n\t<meta property=\"og:image:width\" content=\"2560\" \/>\n\t<meta property=\"og:image:height\" content=\"1935\" \/>\n\t<meta property=\"og:image:type\" content=\"image\/jpeg\" \/>\n<meta name=\"twitter:card\" content=\"summary_large_image\" \/>\n<script type=\"application\/ld+json\" class=\"yoast-schema-graph\">{\"@context\":\"https:\/\/schema.org\",\"@graph\":[{\"@type\":\"WebPage\",\"@id\":\"https:\/\/ruedesproducteurs.fr\/pro\/produit\/promenons-dans-les-bois\/\",\"url\":\"https:\/\/ruedesproducteurs.fr\/pro\/produit\/promenons-dans-les-bois\/\",\"name\":\"Promenons nous dans les bois -\",\"isPartOf\":{\"@id\":\"https:\/\/ruedesproducteurs.fr\/pro\/#website\"},\"datePublished\":\"2022-05-05T12:21:04+00:00\",\"dateModified\":\"2023-09-13T14:01:12+00:00\",\"breadcrumb\":{\"@id\":\"https:\/\/ruedesproducteurs.fr\/pro\/produit\/promenons-dans-les-bois\/#breadcrumb\"},\"inLanguage\":\"fr-FR\",\"potentialAction\":[{\"@type\":\"ReadAction\",\"target\":[\"https:\/\/ruedesproducteurs.fr\/pro\/produit\/promenons-dans-les-bois\/\"]}]},{\"@type\":\"BreadcrumbList\",\"@id\":\"https:\/\/ruedesproducteurs.fr\/pro\/produit\/promenons-dans-les-bois\/#breadcrumb\",\"itemListElement\":[{\"@type\":\"ListItem\",\"position\":1,\"name\":\"Accueil\",\"item\":\"https:\/\/ruedesproducteurs.fr\/pro\/\"},{\"@type\":\"ListItem\",\"position\":2,\"name\":\"panier gourmand lyon\",\"item\":\"https:\/\/ruedesproducteurs.fr\/pro\/panier-gourmand-lyon\/\"},{\"@type\":\"ListItem\",\"position\":3,\"name\":\"Promenons nous dans les bois\"}]},{\"@type\":\"WebSite\",\"@id\":\"https:\/\/ruedesproducteurs.fr\/pro\/#website\",\"url\":\"https:\/\/ruedesproducteurs.fr\/pro\/\",\"name\":\"\",\"description\":\"\",\"potentialAction\":[{\"@type\":\"SearchAction\",\"target\":{\"@type\":\"EntryPoint\",\"urlTemplate\":\"https:\/\/ruedesproducteurs.fr\/pro\/?s={search_term_string}\"},\"query-input\":\"required name=search_term_string\"}],\"inLanguage\":\"fr-FR\"}]}<\/script>\n<!-- \/ Yoast SEO plugin. -->","yoast_head_json":{"title":"Promenons nous dans les bois -","robots":{"index":"index","follow":"follow","max-snippet":"max-snippet:-1","max-image-preview":"max-image-preview:large","max-video-preview":"max-video-preview:-1"},"canonical":"https:\/\/ruedesproducteurs.fr\/pro\/produit\/promenons-dans-les-bois\/","og_locale":"fr_FR","og_type":"article","og_title":"Promenons nous dans les bois -","og_description":"Ce joli Panier Gourmand en osier comprend :   Une petite terrine v\u00e9g\u00e9tale \u00e0 base de ch\u00e2taignes  Une terrine de sanglier au Cognac pr\u00e9par\u00e9 dans une salaison ard\u00e9choise datant de 1880  Des ch\u00e2taignes ap\u00e9ritives subtilement alcoolis\u00e9es  Un pesto \u00e0 l\u2019ail des ours, cueilli et pr\u00e9par\u00e9 avec amour par Emmanuelle dans le sud de la Dr\u00f4me  Une huile de noisette l\u00e9g\u00e8rement torr\u00e9fi\u00e9e issue d\u2019une huilerie artisanale qui perp\u00e9tue la tradition depuis 1857  Des girolles cueillies puis s\u00e9ch\u00e9es dans la Haute Loire  Un sirop de myrtille 100% fruit\u00e9 et naturel.","og_url":"https:\/\/ruedesproducteurs.fr\/pro\/produit\/promenons-dans-les-bois\/","article_modified_time":"2023-09-13T14:01:12+00:00","og_image":[{"width":2560,"height":1935,"url":"https:\/\/ruedesproducteurs.fr\/pro\/wp-content\/uploads\/2022\/05\/Promenons-nous-dans-les-bois_5490-scaled.jpg","type":"image\/jpeg"}],"twitter_card":"summary_large_image","schema":{"@context":"https:\/\/schema.org","@graph":[{"@type":"WebPage","@id":"https:\/\/ruedesproducteurs.fr\/pro\/produit\/promenons-dans-les-bois\/","url":"https:\/\/ruedesproducteurs.fr\/pro\/produit\/promenons-dans-les-bois\/","name":"Promenons nous dans les bois -","isPartOf":{"@id":"https:\/\/ruedesproducteurs.fr\/pro\/#website"},"datePublished":"2022-05-05T12:21:04+00:00","dateModified":"2023-09-13T14:01:12+00:00","breadcrumb":{"@id":"https:\/\/ruedesproducteurs.fr\/pro\/produit\/promenons-dans-les-bois\/#breadcrumb"},"inLanguage":"fr-FR","potentialAction":[{"@type":"ReadAction","target":["https:\/\/ruedesproducteurs.fr\/pro\/produit\/promenons-dans-les-bois\/"]}]},{"@type":"BreadcrumbList","@id":"https:\/\/ruedesproducteurs.fr\/pro\/produit\/promenons-dans-les-bois\/#breadcrumb","itemListElement":[{"@type":"ListItem","position":1,"name":"Accueil","item":"https:\/\/ruedesproducteurs.fr\/pro\/"},{"@type":"ListItem","position":2,"name":"panier gourmand lyon","item":"https:\/\/ruedesproducteurs.fr\/pro\/panier-gourmand-lyon\/"},{"@type":"ListItem","position":3,"name":"Promenons nous dans les bois"}]},{"@type":"WebSite","@id":"https:\/\/ruedesproducteurs.fr\/pro\/#website","url":"https:\/\/ruedesproducteurs.fr\/pro\/","name":"","description":"","potentialAction":[{"@type":"SearchAction","target":{"@type":"EntryPoint","urlTemplate":"https:\/\/ruedesproducteurs.fr\/pro\/?s={search_term_string}"},"query-input":"required name=search_term_string"}],"inLanguage":"fr-FR"}]}},"_links":{"self":[{"href":"https:\/\/ruedesproducteurs.fr\/pro\/wp-json\/wp\/v2\/product\/340"}],"collection":[{"href":"https:\/\/ruedesproducteurs.fr\/pro\/wp-json\/wp\/v2\/product"}],"about":[{"href":"https:\/\/ruedesproducteurs.fr\/pro\/wp-json\/wp\/v2\/types\/product"}],"replies":[{"embeddable":true,"href":"https:\/\/ruedesproducteurs.fr\/pro\/wp-json\/wp\/v2\/comments?post=340"}],"wp:featuredmedia":[{"embeddable":true,"href":"https:\/\/ruedesproducteurs.fr\/pro\/wp-json\/wp\/v2\/media\/341"}],"wp:attachment":[{"href":"https:\/\/ruedesproducteurs.fr\/pro\/wp-json\/wp\/v2\/media?parent=340"}],"curies":[{"name":"wp","href":"https:\/\/api.w.org\/{rel}","templated":true}]}}