{"id":342,"date":"2022-05-05T14:22:12","date_gmt":"2022-05-05T12:22:12","guid":{"rendered":"https:\/\/dev-scope.fr\/pro\/?post_type=product&#038;p=342"},"modified":"2022-05-24T12:19:13","modified_gmt":"2022-05-24T10:19:13","slug":"tous-daccord","status":"publish","type":"product","link":"https:\/\/ruedesproducteurs.fr\/pro\/produit\/tous-daccord\/","title":{"rendered":"Tous d&#8217;accord !"},"content":{"rendered":"","protected":false},"excerpt":{"rendered":"<p><strong>Dans ce panier aux notes sucr\u00e9es sal\u00e9es se trouve :<\/strong><\/p>\n<ul>\n<li>Une soupe de truite BIO (0,5l), produite dans le parc naturel r\u00e9gional du Vercors, sur le lieu de l\u2019\u00e9levage<\/li>\n<li>Des gressins gourmands \u201cLes Mignoteries\u201d (150g), 100% naturels fabriqu\u00e9s dans une biscuiterie artisanale en Ard\u00e8che<\/li>\n<li>Une sauce \u201cClac Ketchup Auvergnat Betterave\u201d (250g), au go\u00fbt acidul\u00e9e et sucr\u00e9e, cuisin\u00e9e \u00e0 partir d\u2019ingr\u00e9dients bio, frais et de saison concoct\u00e9s en Auvergne<\/li>\n<li>Des tartinades v\u00e9g\u00e9tales \u201cClac\u201d (100g), \u201cConserverie Locale\u201d d\u2019Auvergne<\/li>\n<li>Des pralines roses enti\u00e8res (200g), \u00e0 la texture croquante et au go\u00fbt sucr\u00e9<\/li>\n<li>Une p\u00e2te \u00e0 tartiner chocolat \u201cCitadelle\u201d(200g), de fabrication artisanale situ\u00e9e dans le Beaujolais<\/li>\n<li>Une confiture \u201cDorne\u201d (240g), pr\u00e9par\u00e9e \u00e0 partir de fruits du jardin ou de producteurs locaux aux saveurs originelles des fruits en Ard\u00e8che.<\/li>\n<\/ul>\n","protected":false},"featured_media":343,"comment_status":"open","ping_status":"closed","template":"","meta":[],"yoast_head":"<!-- This site is optimized with the Yoast SEO plugin v20.3 - https:\/\/yoast.com\/wordpress\/plugins\/seo\/ -->\n<title>Tous d&#039;accord ! -<\/title>\n<meta name=\"robots\" content=\"index, follow, max-snippet:-1, max-image-preview:large, max-video-preview:-1\" \/>\n<link rel=\"canonical\" href=\"https:\/\/ruedesproducteurs.fr\/pro\/produit\/tous-daccord\/\" \/>\n<meta property=\"og:locale\" content=\"fr_FR\" \/>\n<meta property=\"og:type\" content=\"article\" \/>\n<meta property=\"og:title\" content=\"Tous d&#039;accord ! -\" \/>\n<meta property=\"og:description\" content=\"Dans ce panier aux notes sucr\u00e9es sal\u00e9es se trouve :   Une soupe de truite BIO (0,5l), produite dans le parc naturel r\u00e9gional du Vercors, sur le lieu de l\u2019\u00e9levage  Des gressins gourmands \u201cLes Mignoteries\u201d (150g), 100% naturels fabriqu\u00e9s dans une biscuiterie artisanale en Ard\u00e8che  Une sauce \u201cClac Ketchup Auvergnat Betterave\u201d (250g), au go\u00fbt acidul\u00e9e et sucr\u00e9e, cuisin\u00e9e \u00e0 partir d\u2019ingr\u00e9dients bio, frais et de saison concoct\u00e9s en Auvergne  Des tartinades v\u00e9g\u00e9tales \u201cClac\u201d (100g), \u201cConserverie Locale\u201d d\u2019Auvergne  Des pralines roses enti\u00e8res (200g), \u00e0 la texture croquante et au go\u00fbt sucr\u00e9  Une p\u00e2te \u00e0 tartiner chocolat \u201cCitadelle\u201d(200g), de fabrication artisanale situ\u00e9e dans le Beaujolais  Une confiture \u201cDorne\u201d (240g), pr\u00e9par\u00e9e \u00e0 partir de fruits du jardin ou de producteurs locaux aux saveurs originelles des fruits en Ard\u00e8che.\" \/>\n<meta property=\"og:url\" content=\"https:\/\/ruedesproducteurs.fr\/pro\/produit\/tous-daccord\/\" \/>\n<meta property=\"article:modified_time\" content=\"2022-05-24T10:19:13+00:00\" \/>\n<meta property=\"og:image\" content=\"https:\/\/ruedesproducteurs.fr\/pro\/wp-content\/uploads\/2022\/05\/Tous-daccord-_4290-scaled.jpg\" \/>\n\t<meta property=\"og:image:width\" content=\"2560\" \/>\n\t<meta property=\"og:image:height\" content=\"1916\" \/>\n\t<meta property=\"og:image:type\" content=\"image\/jpeg\" \/>\n<meta name=\"twitter:card\" content=\"summary_large_image\" \/>\n<script type=\"application\/ld+json\" class=\"yoast-schema-graph\">{\"@context\":\"https:\/\/schema.org\",\"@graph\":[{\"@type\":\"WebPage\",\"@id\":\"https:\/\/ruedesproducteurs.fr\/pro\/produit\/tous-daccord\/\",\"url\":\"https:\/\/ruedesproducteurs.fr\/pro\/produit\/tous-daccord\/\",\"name\":\"Tous d'accord ! -\",\"isPartOf\":{\"@id\":\"https:\/\/ruedesproducteurs.fr\/pro\/#website\"},\"datePublished\":\"2022-05-05T12:22:12+00:00\",\"dateModified\":\"2022-05-24T10:19:13+00:00\",\"breadcrumb\":{\"@id\":\"https:\/\/ruedesproducteurs.fr\/pro\/produit\/tous-daccord\/#breadcrumb\"},\"inLanguage\":\"fr-FR\",\"potentialAction\":[{\"@type\":\"ReadAction\",\"target\":[\"https:\/\/ruedesproducteurs.fr\/pro\/produit\/tous-daccord\/\"]}]},{\"@type\":\"BreadcrumbList\",\"@id\":\"https:\/\/ruedesproducteurs.fr\/pro\/produit\/tous-daccord\/#breadcrumb\",\"itemListElement\":[{\"@type\":\"ListItem\",\"position\":1,\"name\":\"Accueil\",\"item\":\"https:\/\/ruedesproducteurs.fr\/pro\/\"},{\"@type\":\"ListItem\",\"position\":2,\"name\":\"panier gourmand lyon\",\"item\":\"https:\/\/ruedesproducteurs.fr\/pro\/panier-gourmand-lyon\/\"},{\"@type\":\"ListItem\",\"position\":3,\"name\":\"Tous d&rsquo;accord !\"}]},{\"@type\":\"WebSite\",\"@id\":\"https:\/\/ruedesproducteurs.fr\/pro\/#website\",\"url\":\"https:\/\/ruedesproducteurs.fr\/pro\/\",\"name\":\"\",\"description\":\"\",\"potentialAction\":[{\"@type\":\"SearchAction\",\"target\":{\"@type\":\"EntryPoint\",\"urlTemplate\":\"https:\/\/ruedesproducteurs.fr\/pro\/?s={search_term_string}\"},\"query-input\":\"required name=search_term_string\"}],\"inLanguage\":\"fr-FR\"}]}<\/script>\n<!-- \/ Yoast SEO plugin. -->","yoast_head_json":{"title":"Tous d'accord ! -","robots":{"index":"index","follow":"follow","max-snippet":"max-snippet:-1","max-image-preview":"max-image-preview:large","max-video-preview":"max-video-preview:-1"},"canonical":"https:\/\/ruedesproducteurs.fr\/pro\/produit\/tous-daccord\/","og_locale":"fr_FR","og_type":"article","og_title":"Tous d'accord ! -","og_description":"Dans ce panier aux notes sucr\u00e9es sal\u00e9es se trouve :   Une soupe de truite BIO (0,5l), produite dans le parc naturel r\u00e9gional du Vercors, sur le lieu de l\u2019\u00e9levage  Des gressins gourmands \u201cLes Mignoteries\u201d (150g), 100% naturels fabriqu\u00e9s dans une biscuiterie artisanale en Ard\u00e8che  Une sauce \u201cClac Ketchup Auvergnat Betterave\u201d (250g), au go\u00fbt acidul\u00e9e et sucr\u00e9e, cuisin\u00e9e \u00e0 partir d\u2019ingr\u00e9dients bio, frais et de saison concoct\u00e9s en Auvergne  Des tartinades v\u00e9g\u00e9tales \u201cClac\u201d (100g), \u201cConserverie Locale\u201d d\u2019Auvergne  Des pralines roses enti\u00e8res (200g), \u00e0 la texture croquante et au go\u00fbt sucr\u00e9  Une p\u00e2te \u00e0 tartiner chocolat \u201cCitadelle\u201d(200g), de fabrication artisanale situ\u00e9e dans le Beaujolais  Une confiture \u201cDorne\u201d (240g), pr\u00e9par\u00e9e \u00e0 partir de fruits du jardin ou de producteurs locaux aux saveurs originelles des fruits en Ard\u00e8che.","og_url":"https:\/\/ruedesproducteurs.fr\/pro\/produit\/tous-daccord\/","article_modified_time":"2022-05-24T10:19:13+00:00","og_image":[{"width":2560,"height":1916,"url":"https:\/\/ruedesproducteurs.fr\/pro\/wp-content\/uploads\/2022\/05\/Tous-daccord-_4290-scaled.jpg","type":"image\/jpeg"}],"twitter_card":"summary_large_image","schema":{"@context":"https:\/\/schema.org","@graph":[{"@type":"WebPage","@id":"https:\/\/ruedesproducteurs.fr\/pro\/produit\/tous-daccord\/","url":"https:\/\/ruedesproducteurs.fr\/pro\/produit\/tous-daccord\/","name":"Tous d'accord ! -","isPartOf":{"@id":"https:\/\/ruedesproducteurs.fr\/pro\/#website"},"datePublished":"2022-05-05T12:22:12+00:00","dateModified":"2022-05-24T10:19:13+00:00","breadcrumb":{"@id":"https:\/\/ruedesproducteurs.fr\/pro\/produit\/tous-daccord\/#breadcrumb"},"inLanguage":"fr-FR","potentialAction":[{"@type":"ReadAction","target":["https:\/\/ruedesproducteurs.fr\/pro\/produit\/tous-daccord\/"]}]},{"@type":"BreadcrumbList","@id":"https:\/\/ruedesproducteurs.fr\/pro\/produit\/tous-daccord\/#breadcrumb","itemListElement":[{"@type":"ListItem","position":1,"name":"Accueil","item":"https:\/\/ruedesproducteurs.fr\/pro\/"},{"@type":"ListItem","position":2,"name":"panier gourmand lyon","item":"https:\/\/ruedesproducteurs.fr\/pro\/panier-gourmand-lyon\/"},{"@type":"ListItem","position":3,"name":"Tous d&rsquo;accord !"}]},{"@type":"WebSite","@id":"https:\/\/ruedesproducteurs.fr\/pro\/#website","url":"https:\/\/ruedesproducteurs.fr\/pro\/","name":"","description":"","potentialAction":[{"@type":"SearchAction","target":{"@type":"EntryPoint","urlTemplate":"https:\/\/ruedesproducteurs.fr\/pro\/?s={search_term_string}"},"query-input":"required name=search_term_string"}],"inLanguage":"fr-FR"}]}},"_links":{"self":[{"href":"https:\/\/ruedesproducteurs.fr\/pro\/wp-json\/wp\/v2\/product\/342"}],"collection":[{"href":"https:\/\/ruedesproducteurs.fr\/pro\/wp-json\/wp\/v2\/product"}],"about":[{"href":"https:\/\/ruedesproducteurs.fr\/pro\/wp-json\/wp\/v2\/types\/product"}],"replies":[{"embeddable":true,"href":"https:\/\/ruedesproducteurs.fr\/pro\/wp-json\/wp\/v2\/comments?post=342"}],"wp:featuredmedia":[{"embeddable":true,"href":"https:\/\/ruedesproducteurs.fr\/pro\/wp-json\/wp\/v2\/media\/343"}],"wp:attachment":[{"href":"https:\/\/ruedesproducteurs.fr\/pro\/wp-json\/wp\/v2\/media?parent=342"}],"curies":[{"name":"wp","href":"https:\/\/api.w.org\/{rel}","templated":true}]}}