{"id":344,"date":"2022-05-05T14:23:28","date_gmt":"2022-05-05T12:23:28","guid":{"rendered":"https:\/\/dev-scope.fr\/pro\/?post_type=product&#038;p=344"},"modified":"2023-09-12T16:17:19","modified_gmt":"2023-09-12T14:17:19","slug":"trio-des-vignes","status":"publish","type":"product","link":"https:\/\/ruedesproducteurs.fr\/pro\/produit\/trio-des-vignes\/","title":{"rendered":"Trio des vignes"},"content":{"rendered":"","protected":false},"excerpt":{"rendered":"<p><strong>Dans cette caisse se trouve trois vins, originaires de la Roche Saint Secret, en Dr\u00f4me m\u00e9ridionale :<\/strong><\/p>\n<ul>\n<li>Un vin rouge BIO, cuv\u00e9e \u201cSecret Syrah\u201d (75cl), intense et \u00e9pic\u00e9 aux ar\u00f4mes de fruits noirs<\/li>\n<li>Un vin rouge BIO, cuv\u00e9e \u201cGrands Plans\u201d (75cl), rond avec une belle sucrosit\u00e9 aux ar\u00f4mes de fruits rouges<\/li>\n<li>Un vin ros\u00e9 BIO, cuv\u00e9e \u201cDignerette\u201d (75cl), frais et acide avec des notes d\u2019agrumes, p\u00eaches et abricots secs.<\/li>\n<\/ul>\n","protected":false},"featured_media":345,"comment_status":"open","ping_status":"closed","template":"","meta":[],"yoast_head":"<!-- This site is optimized with the Yoast SEO plugin v20.3 - https:\/\/yoast.com\/wordpress\/plugins\/seo\/ -->\n<title>Trio des vignes -<\/title>\n<meta name=\"robots\" content=\"index, follow, max-snippet:-1, max-image-preview:large, max-video-preview:-1\" \/>\n<link rel=\"canonical\" href=\"https:\/\/ruedesproducteurs.fr\/pro\/produit\/trio-des-vignes\/\" \/>\n<meta property=\"og:locale\" content=\"fr_FR\" \/>\n<meta property=\"og:type\" content=\"article\" \/>\n<meta property=\"og:title\" content=\"Trio des vignes -\" \/>\n<meta property=\"og:description\" content=\"Dans cette caisse se trouve trois vins, originaires de la Roche Saint Secret, en Dr\u00f4me m\u00e9ridionale :   Un vin rouge BIO, cuv\u00e9e \u201cSecret Syrah\u201d (75cl), intense et \u00e9pic\u00e9 aux ar\u00f4mes de fruits noirs  Un vin rouge BIO, cuv\u00e9e \u201cGrands Plans\u201d (75cl), rond avec une belle sucrosit\u00e9 aux ar\u00f4mes de fruits rouges  Un vin ros\u00e9 BIO, cuv\u00e9e \u201cDignerette\u201d (75cl), frais et acide avec des notes d\u2019agrumes, p\u00eaches et abricots secs.\" \/>\n<meta property=\"og:url\" content=\"https:\/\/ruedesproducteurs.fr\/pro\/produit\/trio-des-vignes\/\" \/>\n<meta property=\"article:modified_time\" content=\"2023-09-12T14:17:19+00:00\" \/>\n<meta property=\"og:image\" content=\"https:\/\/ruedesproducteurs.fr\/pro\/wp-content\/uploads\/2022\/05\/Trio-des-Vignes_3590-scaled.jpg\" \/>\n\t<meta property=\"og:image:width\" content=\"2560\" \/>\n\t<meta property=\"og:image:height\" content=\"2250\" \/>\n\t<meta property=\"og:image:type\" content=\"image\/jpeg\" \/>\n<meta name=\"twitter:card\" content=\"summary_large_image\" \/>\n<script type=\"application\/ld+json\" class=\"yoast-schema-graph\">{\"@context\":\"https:\/\/schema.org\",\"@graph\":[{\"@type\":\"WebPage\",\"@id\":\"https:\/\/ruedesproducteurs.fr\/pro\/produit\/trio-des-vignes\/\",\"url\":\"https:\/\/ruedesproducteurs.fr\/pro\/produit\/trio-des-vignes\/\",\"name\":\"Trio des vignes -\",\"isPartOf\":{\"@id\":\"https:\/\/ruedesproducteurs.fr\/pro\/#website\"},\"datePublished\":\"2022-05-05T12:23:28+00:00\",\"dateModified\":\"2023-09-12T14:17:19+00:00\",\"breadcrumb\":{\"@id\":\"https:\/\/ruedesproducteurs.fr\/pro\/produit\/trio-des-vignes\/#breadcrumb\"},\"inLanguage\":\"fr-FR\",\"potentialAction\":[{\"@type\":\"ReadAction\",\"target\":[\"https:\/\/ruedesproducteurs.fr\/pro\/produit\/trio-des-vignes\/\"]}]},{\"@type\":\"BreadcrumbList\",\"@id\":\"https:\/\/ruedesproducteurs.fr\/pro\/produit\/trio-des-vignes\/#breadcrumb\",\"itemListElement\":[{\"@type\":\"ListItem\",\"position\":1,\"name\":\"Accueil\",\"item\":\"https:\/\/ruedesproducteurs.fr\/pro\/\"},{\"@type\":\"ListItem\",\"position\":2,\"name\":\"panier gourmand lyon\",\"item\":\"https:\/\/ruedesproducteurs.fr\/pro\/panier-gourmand-lyon\/\"},{\"@type\":\"ListItem\",\"position\":3,\"name\":\"Trio des vignes\"}]},{\"@type\":\"WebSite\",\"@id\":\"https:\/\/ruedesproducteurs.fr\/pro\/#website\",\"url\":\"https:\/\/ruedesproducteurs.fr\/pro\/\",\"name\":\"\",\"description\":\"\",\"potentialAction\":[{\"@type\":\"SearchAction\",\"target\":{\"@type\":\"EntryPoint\",\"urlTemplate\":\"https:\/\/ruedesproducteurs.fr\/pro\/?s={search_term_string}\"},\"query-input\":\"required name=search_term_string\"}],\"inLanguage\":\"fr-FR\"}]}<\/script>\n<!-- \/ Yoast SEO plugin. -->","yoast_head_json":{"title":"Trio des vignes -","robots":{"index":"index","follow":"follow","max-snippet":"max-snippet:-1","max-image-preview":"max-image-preview:large","max-video-preview":"max-video-preview:-1"},"canonical":"https:\/\/ruedesproducteurs.fr\/pro\/produit\/trio-des-vignes\/","og_locale":"fr_FR","og_type":"article","og_title":"Trio des vignes -","og_description":"Dans cette caisse se trouve trois vins, originaires de la Roche Saint Secret, en Dr\u00f4me m\u00e9ridionale :   Un vin rouge BIO, cuv\u00e9e \u201cSecret Syrah\u201d (75cl), intense et \u00e9pic\u00e9 aux ar\u00f4mes de fruits noirs  Un vin rouge BIO, cuv\u00e9e \u201cGrands Plans\u201d (75cl), rond avec une belle sucrosit\u00e9 aux ar\u00f4mes de fruits rouges  Un vin ros\u00e9 BIO, cuv\u00e9e \u201cDignerette\u201d (75cl), frais et acide avec des notes d\u2019agrumes, p\u00eaches et abricots secs.","og_url":"https:\/\/ruedesproducteurs.fr\/pro\/produit\/trio-des-vignes\/","article_modified_time":"2023-09-12T14:17:19+00:00","og_image":[{"width":2560,"height":2250,"url":"https:\/\/ruedesproducteurs.fr\/pro\/wp-content\/uploads\/2022\/05\/Trio-des-Vignes_3590-scaled.jpg","type":"image\/jpeg"}],"twitter_card":"summary_large_image","schema":{"@context":"https:\/\/schema.org","@graph":[{"@type":"WebPage","@id":"https:\/\/ruedesproducteurs.fr\/pro\/produit\/trio-des-vignes\/","url":"https:\/\/ruedesproducteurs.fr\/pro\/produit\/trio-des-vignes\/","name":"Trio des vignes -","isPartOf":{"@id":"https:\/\/ruedesproducteurs.fr\/pro\/#website"},"datePublished":"2022-05-05T12:23:28+00:00","dateModified":"2023-09-12T14:17:19+00:00","breadcrumb":{"@id":"https:\/\/ruedesproducteurs.fr\/pro\/produit\/trio-des-vignes\/#breadcrumb"},"inLanguage":"fr-FR","potentialAction":[{"@type":"ReadAction","target":["https:\/\/ruedesproducteurs.fr\/pro\/produit\/trio-des-vignes\/"]}]},{"@type":"BreadcrumbList","@id":"https:\/\/ruedesproducteurs.fr\/pro\/produit\/trio-des-vignes\/#breadcrumb","itemListElement":[{"@type":"ListItem","position":1,"name":"Accueil","item":"https:\/\/ruedesproducteurs.fr\/pro\/"},{"@type":"ListItem","position":2,"name":"panier gourmand lyon","item":"https:\/\/ruedesproducteurs.fr\/pro\/panier-gourmand-lyon\/"},{"@type":"ListItem","position":3,"name":"Trio des vignes"}]},{"@type":"WebSite","@id":"https:\/\/ruedesproducteurs.fr\/pro\/#website","url":"https:\/\/ruedesproducteurs.fr\/pro\/","name":"","description":"","potentialAction":[{"@type":"SearchAction","target":{"@type":"EntryPoint","urlTemplate":"https:\/\/ruedesproducteurs.fr\/pro\/?s={search_term_string}"},"query-input":"required name=search_term_string"}],"inLanguage":"fr-FR"}]}},"_links":{"self":[{"href":"https:\/\/ruedesproducteurs.fr\/pro\/wp-json\/wp\/v2\/product\/344"}],"collection":[{"href":"https:\/\/ruedesproducteurs.fr\/pro\/wp-json\/wp\/v2\/product"}],"about":[{"href":"https:\/\/ruedesproducteurs.fr\/pro\/wp-json\/wp\/v2\/types\/product"}],"replies":[{"embeddable":true,"href":"https:\/\/ruedesproducteurs.fr\/pro\/wp-json\/wp\/v2\/comments?post=344"}],"wp:featuredmedia":[{"embeddable":true,"href":"https:\/\/ruedesproducteurs.fr\/pro\/wp-json\/wp\/v2\/media\/345"}],"wp:attachment":[{"href":"https:\/\/ruedesproducteurs.fr\/pro\/wp-json\/wp\/v2\/media?parent=344"}],"curies":[{"name":"wp","href":"https:\/\/api.w.org\/{rel}","templated":true}]}}